{"id":753,"date":"2022-07-05T14:11:21","date_gmt":"2022-07-05T14:11:21","guid":{"rendered":"https:\/\/personal-apag.de\/?page_id=753"},"modified":"2026-04-17T11:18:11","modified_gmt":"2026-04-17T09:18:11","slug":"impressum","status":"publish","type":"page","link":"https:\/\/apag-personal.de\/cs\/otisk\/","title":{"rendered":"PR\u00c1VN\u00cd"},"content":{"rendered":"<div class=\"brz-root__container brz-reset-all\">\n<section id=\"ebuqwnfxcnmkfomaohnpxpntfcupkanddyma\" class=\"brz-section brz-css-xmill brz-css-gS3HE\">\n<div class=\"brz-slick-slider brz-slick-slider__section\" data-slides-to-show=\"1\" data-slides-to-scroll=\"1\" data-arrows=\"true\" data-dots=\"true\" data-dots-class=\"brz-slick-slider__dots brz-slick-slider__dots--circle\" data-fade=\"false\" data-vertical=\"false\" data-auto-play=\"false\" data-auto-play-speed=\"3000\" data-swipe=\"true\" data-responsive=\"%5B%7B%22breakpoint%22%3A767%2C%22settings%22%3A%7B%22slidesToShow%22%3A1%2C%22slidesToScroll%22%3A1%7D%7D%5D\">\n<div>\n<div class=\"brz-section__content brz-section--boxed brz-css-rhI6n brz-css-i9lhp\" data-brz-custom-id=\"lrrolilsqzoeqyzszgckapvdokfwrpetzlxx\">\n<div class=\"brz-bg\">\n<div class=\"brz-bg-image\"><\/div>\n<div class=\"brz-bg-color\"><\/div>\n<\/div>\n<div class=\"brz-container brz-css-dZGjA\">\n<div id class=\"brz-css-hQC3b brz-css-h_CMu brz-wrapper\">\n<div class=\"brz-spacer brz-css-sLoLn\"><\/div>\n<\/div>\n<div id class=\"brz-css-hQC3b brz-css-h_CMu brz-wrapper\">\n<div class=\"brz-spacer brz-css-sLoLn\"><\/div>\n<\/div>\n<div id class=\"brz-css-hQC3b brz-css-h_CMu brz-wrapper\">\n<div class=\"brz-spacer brz-css-sLoLn\"><\/div>\n<\/div>\n<div id class=\"brz-css-hQC3b brz-css-h_CMu brz-wrapper\">\n<div class=\"brz-spacer brz-css-sLoLn\"><\/div>\n<\/div>\n<div id class=\"brz-css-hQC3b brz-css-wuAtr brz-wrapper\">\n<div class=\"brz-rich-text brz-rich-text__custom brz-css-fCC9e\" data-brz-custom-id=\"kknizethwigxtnhhzcbrzqkpcdqlkvhhacps\">\n<div data-brz-translate-text=\"1\">\n<p class=\"brz-fs-xs-31 brz-tp-xs-empty brz-lh-xs-1_3 brz-ls-xs-m_1 brz-fw-xs-700 brz-fss-xs-px brz-lh-lg-1_3 brz-ls-lg-m_1_5 brz-fw-lg-700 brz-fss-lg-px brz-fs-lg-46 brz-ft-google brz-ff-overpass brz-tp-lg-empty brz-tp-sm-heading1 brz-text-lg-center brz-css-nZa8d\" data-generated-css=\"brz-css-mwmyf\" data-uniq-id=\"kagoz\"><span class=\"brz-scp-color2 brz-cp-color8\">IMPRINT<\/span><\/p>\n<\/div>\n<\/div>\n<\/div>\n<div id class=\"brz-css-hQC3b brz-css-h_CMu brz-css-k2U_p brz-wrapper\">\n<div class=\"brz-spacer brz-css-sLoLn brz-css-cGYDB\"><\/div>\n<\/div>\n<\/div>\n<\/div>\n<\/div>\n<\/div>\n<\/section>\n<section id=\"snudivthfuttxvtprsoogifbymhfpsvrjdlq\" class=\"brz-section brz-css-xmill\">\n<div class=\"brz-section__content brz-section--boxed brz-css-rhI6n brz-css-ucgEk\" data-brz-custom-id=\"pmmxbpmoapqqlmkkjzuxlyvabwfgujxhegxt\">\n<div class=\"brz-container brz-css-dZGjA\">\n<div id class=\"brz-css-hQC3b brz-css-h_CMu brz-wrapper\">\n<div class=\"brz-spacer brz-css-sLoLn brz-css-jqR_6\"><\/div>\n<\/div>\n<div class=\"brz-row__container brz-css-csVbo\" data-brz-custom-id=\"bctoaffwlwaruwrcobfswuptrhsqxamnwaqc\">\n<div class=\"brz-bg\"><\/div>\n<div class=\"brz-row brz-css-wgcId brz-css-gWF5W\">\n<div class=\"brz-columns brz-css-wlyTs brz-css-hckw7\" data-brz-custom-id=\"elefvuvfopowqkbtrgxztpbyqoyulbcuhfco\">\n<div class=\"brz-bg\">\n<div class=\"brz-bg-color\"><\/div>\n<\/div>\n<div class=\"brz-column__items brz-css-fnVCk brz-css-dT3lU\">\n<div id class=\"brz-css-hQC3b brz-wrapper\">\n<div class=\"brz-rich-text brz-rich-text__custom brz-css-fCC9e\" data-brz-custom-id=\"krustlhdnvjcwectsjrekuxippgbjoqbqbxa\">\n<div data-brz-translate-text=\"1\">\n<p class=\"brz-text-lg-center brz-tp-lg-paragraph brz-css-pXGPd\" data-uniq-id=\"eceuo\" data-generated-css=\"brz-css-miqlb\"><strong class=\"brz-cp-color7\">APAG PERSONALPLANUNG GmbH<\/strong><\/p>\n<p class=\"brz-text-lg-center brz-tp-lg-paragraph brz-css-fZpDh\" data-uniq-id=\"ydpzj\" data-generated-css=\"brz-css-olbvm\"><span class=\"brz-cp-color7\">Worthingtonstr. 8<\/span><\/p>\n<p class=\"brz-text-lg-center brz-tp-lg-paragraph brz-css-sV5VC\" data-uniq-id=\"ttabs\" data-generated-css=\"brz-css-lixmc\"><span class=\"brz-cp-color7\">74564 Crailsheim<\/span><\/p>\n<p class=\"brz-text-lg-center brz-tp-lg-paragraph brz-css-swHrO\" data-uniq-id=\"qkbnu\" data-generated-css=\"brz-css-zblrd\"><span class=\"brz-cp-color7\">T: +49 (0) 7951 277 78-0 <\/span><\/p>\n<p class=\"brz-text-lg-center brz-tp-lg-paragraph brz-css-qZbyd\" data-uniq-id=\"ctvks\" data-generated-css=\"brz-css-rofnm\"><span class=\"brz-cp-color7\">E: info@apag-personalplanung,de<\/span><\/p>\n<p class=\"brz-text-lg-center brz-tp-lg-paragraph brz-css-vPx9O\" data-uniq-id=\"rieqm\" data-generated-css=\"brz-css-mmdjo\"><\/p>\n<p class=\"brz-text-lg-center brz-tp-lg-paragraph brz-css-pcQGI\" data-uniq-id=\"xzayx\" data-generated-css=\"brz-css-ytvlr\"><span class=\"brz-cp-color7\">Opr\u00e1vn\u011bn\u00ed z\u00e1stupci<\/span><\/p>\n<p class=\"brz-text-lg-center brz-tp-lg-paragraph brz-css-s6Vy6\" data-uniq-id=\"ryzfs\" data-generated-css=\"brz-css-agwfy\"><span class=\"brz-cp-color7\">Jakob Dynia | V\u00fdkonn\u00fd \u0159editel<\/span><\/p>\n<p class=\"brz-text-lg-center brz-tp-lg-paragraph brz-css-o5C3g\" data-uniq-id=\"wdtyp\" data-generated-css=\"brz-css-rarrf\"><span class=\"brz-cp-color7\">&nbsp;<\/span><\/p>\n<p class=\"brz-text-lg-center brz-tp-lg-paragraph brz-css-mYtkj\" data-uniq-id=\"nuxik\" data-generated-css=\"brz-css-ntpth\"><span class=\"brz-cp-color7\">Odpov\u011bdn\u00fd za obsah podle \u00a7 6 MDStV a \u00a7 55 II RStV: Jakob Dynia (kontaktn\u00ed \u00fadaje viz v\u00fd\u0161e).<\/span><\/p>\n<p class=\"brz-text-lg-center brz-tp-lg-paragraph brz-css-nLVsu\" data-uniq-id=\"lzriv\" data-generated-css=\"brz-css-kolgs\"><span class=\"brz-cp-color7\">Rejst\u0159\u00edkov\u00fd soud: M\u00edstn\u00ed soud Ulm, HRB 734630<\/span><\/p>\n<p class=\"brz-text-lg-center brz-tp-lg-paragraph brz-css-rW7EN\" data-uniq-id=\"wqcve\" data-generated-css=\"brz-css-joxjx\"><span class=\"brz-cp-color7\">DI\u010c: DE309984547<\/span><\/p>\n<p class=\"brz-text-lg-center brz-tp-lg-paragraph brz-css-bVONo\" data-uniq-id=\"crwvp\" data-generated-css=\"brz-css-qrtwj\"><span class=\"brz-cp-color7\"> <\/span><\/p>\n<p class=\"brz-text-lg-center brz-tp-lg-paragraph brz-css-vCqUf\" data-uniq-id=\"iippd\" data-generated-css=\"brz-css-zguhh\"><span class=\"brz-cp-color7\">APAG Personalplanung GmbH<\/span><\/p>\n<p class=\"brz-text-lg-center brz-tp-lg-paragraph brz-css-oUPj8\" data-uniq-id=\"jevuv\" data-generated-css=\"brz-css-gxdqh\"><span class=\"brz-cp-color7\">Komer\u010dn\u00ed poskytov\u00e1n\u00ed do\u010dasn\u00fdch pracovn\u00edk\u016f je povoleno pouze na z\u00e1klad\u011b licence. Za vyd\u00e1v\u00e1n\u00ed povolen\u00ed k do\u010dasn\u00e9mu zam\u011bstn\u00e1v\u00e1n\u00ed je odpov\u011bdn\u00e1 Spolkov\u00e1 agentura pr\u00e1ce, Regensburger Stra\u00dfe 104, 90478 Norimberk.<\/span><\/p>\n<p class=\"brz-text-lg-center brz-tp-lg-paragraph brz-css-hZFEC\" data-uniq-id=\"vsbwm\" data-generated-css=\"brz-css-hjxgl\"><span class=\"brz-cp-color7\">P\u0159edseda Spolkov\u00e9 agentury pr\u00e1ce pov\u011b\u0159il prov\u00e1d\u011bn\u00edm z\u00e1kona o do\u010dasn\u00e9m zam\u011bstn\u00e1v\u00e1n\u00ed r\u016fzn\u00e1 region\u00e1ln\u00ed \u0159editelstv\u00ed.<\/span><\/p>\n<p class=\"brz-text-lg-center brz-tp-lg-paragraph brz-css-zXwBC\" data-uniq-id=\"kijpy\" data-generated-css=\"brz-css-bhoqv\"><span class=\"brz-cp-color7\">Povolen\u00ed k do\u010dasn\u00e9mu zam\u011bstn\u00e1v\u00e1n\u00ed ud\u011blilo p\u0159\u00edslu\u0161n\u00e9 GmbH skupiny APAG Personalplanung Bavorsk\u00e9 zemsk\u00e9 \u0159editelstv\u00ed, Regensburger Stra\u00dfe 100, 90478 Norimberk. Dozorov\u00fdm org\u00e1nem Spolkov\u00e9ho \u00fa\u0159adu pr\u00e1ce je Spolkov\u00e9 ministerstvo hospod\u00e1\u0159stv\u00ed a pr\u00e1ce, Wilhelmstra\u00dfe 49, 10117 Berl\u00edn.<\/span><\/p>\n<p class=\"brz-text-lg-center brz-tp-lg-paragraph brz-css-ipC8s\" data-uniq-id=\"ijass\" data-generated-css=\"brz-css-opwhj\"><span class=\"brz-cp-color7\"> <\/span><\/p>\n<p class=\"brz-text-lg-center brz-tp-lg-paragraph brz-css-xVHac\" data-uniq-id=\"uvpmg\" data-generated-css=\"brz-css-dylqb\"><span class=\"brz-cp-color7\">Odm\u00edtnut\u00ed odpov\u011bdnosti: I p\u0159es pe\u010dlivou kontrolu obsahu nep\u0159eb\u00edr\u00e1me \u017e\u00e1dnou odpov\u011bdnost za obsah extern\u00edch odkaz\u016f. Za obsah odkazovan\u00fdch str\u00e1nek odpov\u00eddaj\u00ed v\u00fdhradn\u011b jejich provozovatel\u00e9.<\/span><\/p>\n<p class=\"brz-text-lg-center brz-tp-lg-paragraph brz-css-nDM0w\" data-uniq-id=\"koliq\" data-generated-css=\"brz-css-qxvzq\"><span class=\"brz-cp-color7\"> <\/span><\/p>\n<p class=\"brz-text-lg-center brz-tp-lg-paragraph brz-css-jAGrx\" data-uniq-id=\"syrqw\" data-generated-css=\"brz-css-ixlyv\"><span class=\"brz-cp-color7\">Online \u0159e\u0161en\u00ed spor\u016f podle \u010dl. 14 odst. 1 ODR-VO a \u00a7 36 VSBG<\/span><\/p>\n<p class=\"brz-text-lg-center brz-tp-lg-paragraph brz-css-jgmIz\" data-uniq-id=\"kyzqm\" data-generated-css=\"brz-css-ijkph\"><span class=\"brz-cp-color7\">Evropsk\u00e1 komise poskytuje platformu pro online \u0159e\u0161en\u00ed spor\u016f (OS), kter\u00e1 je dostupn\u00e1 na adrese.&nbsp;<\/span><span class=\"brz-cp-color7\" style=\"color: #6b87c4\">http:\/\/ec.europa.eu\/consumers\/odr\/<\/span><span class=\"brz-cp-color7\">&nbsp;naj\u00edt. Nejsme povinni \u00fa\u010dastnit se \u0159\u00edzen\u00ed o \u0159e\u0161en\u00ed spor\u016f p\u0159ed rozhod\u010d\u00ed komis\u00ed pro spot\u0159ebitelsk\u00e9 spory a obecn\u011b k tomu nejsme p\u0159ipraveni.&nbsp;<\/span><\/p>\n<p class=\"brz-text-lg-center brz-tp-lg-paragraph brz-css-yeZyX\" data-uniq-id=\"nocun\" data-generated-css=\"brz-css-eoizp\"><span class=\"brz-cp-color7\"> <\/span><\/p>\n<p class=\"brz-text-lg-center brz-tp-lg-paragraph brz-css-qLZqq\" data-uniq-id=\"wxapc\" data-generated-css=\"brz-css-yselq\"><span class=\"brz-cp-color7\">Formul\u00e1\u0159 k z\u00e1konu o whistleblowerech<\/span><\/p>\n<p class=\"brz-text-lg-center brz-tp-lg-paragraph brz-css-jyM5C\" data-uniq-id=\"zoilc\" data-generated-css=\"brz-css-agohi\"><a class=\"link--external\" href=\"https:\/\/apagpersonalplanunggmbh.integrityline.app\/%20\" data-brz-link-type=\"external\" target=\"_blank\" rel=\"noopener\">https:\/\/apagpersonalplanunggmbh.integrityline.app\/ <\/a><\/p>\n<\/div>\n<\/div>\n<\/div>\n<\/div>\n<\/div>\n<\/div>\n<\/div>\n<div id class=\"brz-css-hQC3b brz-css-h_CMu brz-css-nzFm5 brz-wrapper\">\n<div class=\"brz-spacer brz-css-sLoLn\"><\/div>\n<\/div>\n<\/div>\n<\/div>\n<\/section>\n<section id=\"cgqzpyuvjvbgyjeeakxvplncmdztduxrspqd\" class=\"brz-section brz-css-xmill\">\n<div class=\"brz-section__content brz-section--fullWidth brz-css-rhI6n brz-css-unErq\" data-brz-custom-id=\"jinjzgkiumjawcsokmpzjqzobtjmetrnajgf\">\n<div class=\"brz-container brz-css-dZGjA brz-css-vs2Mw\">\n<div class=\"brz-row__container brz-css-csVbo\" data-brz-custom-id=\"zqkpdovormwleymrchxmcszdhfmzzotaixpj\">\n<div class=\"brz-bg\"><\/div>\n<div class=\"brz-row brz-css-wgcId brz-css-gWF5W\">\n<div class=\"brz-columns brz-css-wlyTs brz-css-gAM9Y\" data-brz-custom-id=\"eayqefblecglxyfpwygfjjfayynmnbqighua\">\n<div class=\"brz-bg\">\n<div class=\"brz-bg-color\"><\/div>\n<\/div>\n<div class=\"brz-column__items brz-css-fnVCk brz-css-f1U08\">\n<div id class=\"brz-css-hQC3b brz-wrapper\">\n<div class=\"brz-rich-text brz-rich-text__custom brz-css-fCC9e\" data-brz-custom-id=\"aalytiduohwfdhhtrfacxcxisuuwdzwcrldz\">\n<div data-brz-translate-text=\"1\">\n<p class=\"brz-tp-lg-heading4 brz-tp-xs-paragraph brz-tp-sm-paragraph brz-text-lg-center brz-css-nih1M\" data-uniq-id=\"zfxhm\" data-generated-css=\"brz-css-jfnoy\"><span class=\"brz-cp-color8\">S V\u00cdCE NE\u017d 40 LETY ZKU\u0160ENOST\u00cd<\/span><\/p>\n<\/div>\n<\/div>\n<\/div>\n<\/div>\n<\/div>\n<div class=\"brz-columns brz-css-wlyTs brz-css-sGmr2\" data-brz-custom-id=\"bafepekaguivgzvhxrixmsllglcquzihydos\">\n<div class=\"brz-bg\">\n<div class=\"brz-bg-color\"><\/div>\n<\/div>\n<div class=\"brz-column__items brz-css-fnVCk brz-css-q9GN6\">\n<div id class=\"brz-css-hQC3b brz-wrapper\">\n<div class=\"brz-rich-text brz-rich-text__custom brz-css-fCC9e\" data-brz-custom-id=\"vowaejljwhipasaudeegiufzlrvaediezopr\">\n<div data-brz-translate-text=\"1\">\n<p class=\"brz-tp-lg-heading4 brz-tp-xs-paragraph brz-tp-sm-paragraph brz-text-lg-center brz-css-uWXKp\" data-uniq-id=\"zaahd\" data-generated-css=\"brz-css-gcito\"><em class=\"brz-cp-color8\">\"PRACUJEME PRO V\u00c1\u0160 \u00daSP\u011aCH\"<\/em><\/p>\n<\/div>\n<\/div>\n<\/div>\n<\/div>\n<\/div>\n<\/div>\n<\/div>\n<\/div>\n<\/div>\n<\/section>\n<section id=\"bteuzlgtblgaiofwcamkrdphjhxkqfocfmft\" class=\"brz-section brz-css-xmill\">\n<div class=\"brz-section__content brz-section--boxed brz-css-rhI6n brz-css-z5qeY\" data-brz-custom-id=\"ayvdbwsvilfiivdculkblnfcmecsalxrkoos\">\n<div class=\"brz-bg\">\n<div class=\"brz-bg-color\"><\/div>\n<\/div>\n<div class=\"brz-container brz-css-dZGjA\">\n<div class=\"brz-row__container brz-css-csVbo\" data-brz-custom-id=\"jrlegcerepqeeiseslhvtcymoqkmvizkioby\">\n<div class=\"brz-bg\"><\/div>\n<div class=\"brz-row brz-css-wgcId brz-css-gWF5W\">\n<div class=\"brz-columns brz-css-wlyTs brz-css-npoRW\" data-brz-custom-id=\"kcpkhtjaengdtbpqvveryyssqmaaubjkpsws\">\n<div class=\"brz-bg\"><\/div>\n<div class=\"brz-column__items brz-css-fnVCk brz-css-y0GnW\">\n<div id class=\"brz-css-hQC3b brz-css-azpYL brz-wrapper\">\n<div class=\"brz-image brz-css-vG5yy\" data-brz-custom-id=\"docgqlctoqtqrkyqgpcyleysqrbruwmzmslw\"><img decoding=\"async\" class=\"brz-img\" src=\"https:\/\/apag-personal.de\/wp-content\/uploads\/brizy\/imgs\/Logo-weiss-275x96x0x5x275x85x1655822499.png\" alt=\"\" loading=\"lazy\"><\/div>\n<\/div>\n<div class=\"brz-row__container brz-css-csVbo\" data-brz-custom-id=\"b07BLXYPB4Gt\">\n<div class=\"brz-bg\"><\/div>\n<div class=\"brz-row brz-row--inner brz-css-wgcId brz-css-gWF5W\">\n<div class=\"brz-columns brz-css-wlyTs brz-css-mpH0e\" data-brz-custom-id=\"e2cycjrbjZYd\">\n<div class=\"brz-bg\"><\/div>\n<div class=\"brz-column__items brz-css-fnVCk\">\n<div id class=\"brz-css-hQC3b brz-css-fHrmg brz-wrapper\">\n<div class=\"brz-image brz-css-ksYjn\" data-brz-custom-id=\"phmbepmkepgxjnxzobwhilfpgeqnwcrfngmt\"><img decoding=\"async\" class=\"brz-img\" src=\"https:\/\/apag-personal.de\/wp-content\/uploads\/brizy\/imgs\/kununu_TopCompanyBadge_2023-68x90x0x0x68x90x1677136333.png\" alt=\"\" loading=\"lazy\"><\/div>\n<\/div>\n<\/div>\n<\/div>\n<div class=\"brz-columns brz-css-wlyTs brz-css-fjPFT\" data-brz-custom-id=\"enE1bZt4Zd4E\">\n<div class=\"brz-bg\"><\/div>\n<div class=\"brz-column__items brz-css-fnVCk\">\n<div id class=\"brz-css-hQC3b brz-css-ex_zI brz-wrapper\">\n<div class=\"brz-image brz-css-uqpC2\" data-brz-custom-id=\"c21rtsfocBDX\"><img decoding=\"async\" class=\"brz-img\" src=\"https:\/\/apag-personal.de\/wp-content\/uploads\/brizy\/imgs\/GVP-Logo_Mitglied_RGB_blau-61x91x0x0x61x91x1705498554.png\" alt=\"\" loading=\"lazy\"><\/div>\n<\/div>\n<\/div>\n<\/div>\n<div class=\"brz-columns brz-css-wlyTs brz-css-smg4q\" data-brz-custom-id=\"j60uPisUZnFa\">\n<div class=\"brz-bg\"><\/div>\n<div class=\"brz-column__items brz-css-fnVCk\">\n<div id class=\"brz-css-hQC3b brz-css-agTWf brz-wrapper\">\n<div class=\"brz-image brz-css-yKJc0\" data-brz-custom-id=\"rcfFa2eNoOlp\"><img decoding=\"async\" class=\"brz-img\" src=\"https:\/\/apag-personal.de\/wp-content\/uploads\/brizy\/imgs\/kununu-top-company-2024-68x90x0x0x68x90x1736339135.jpg\" alt=\"\" loading=\"lazy\"><\/div>\n<\/div>\n<\/div>\n<\/div>\n<\/div>\n<\/div>\n<div id class=\"brz-css-hQC3b brz-css-h_CMu brz-wrapper\">\n<div class=\"brz-spacer brz-css-sLoLn brz-css-yJtVX\"><\/div>\n<\/div>\n<\/div>\n<\/div>\n<div class=\"brz-columns brz-css-wlyTs brz-css-bXSnz\" data-brz-custom-id=\"kilkssfzallhxvhwlmnhzwjdchfluzvvascb\">\n<div class=\"brz-bg\"><\/div>\n<div class=\"brz-column__items brz-css-fnVCk\">\n<div id class=\"brz-css-hQC3b brz-wrapper\">\n<div class=\"brz-rich-text brz-rich-text__custom brz-css-fCC9e\" data-brz-custom-id=\"ouyxtyrxllknqncfntricrtqssjwkbqrreyp\">\n<div data-brz-translate-text=\"1\">\n<p class=\"brz-tp-xs-paragraph brz-tp-sm-paragraph brz-tp-lg-heading6 brz-css-kN319\" data-uniq-id=\"xhutt\" data-generated-css=\"brz-css-vpbwe\"><span class=\"brz-cp-color8\">APAG Personalplanung GmbH<\/span><\/p>\n<\/div>\n<\/div>\n<\/div>\n<div id class=\"brz-css-hQC3b brz-css-h_CMu brz-wrapper\">\n<div class=\"brz-spacer brz-css-sLoLn brz-css-z6PqI\"><\/div>\n<\/div>\n<div id class=\"brz-css-hQC3b brz-wrapper\">\n<div class=\"brz-rich-text brz-rich-text__custom brz-css-fCC9e\" data-brz-custom-id=\"bgabrbrxwwbmyqaolrrqetxhspbqphoqvfrr\">\n<div data-brz-translate-text=\"1\">\n<p class=\"brz-tp-sm-paragraph brz-tp-xs-paragraph brz-tp-lg-subtitle brz-css-uiuKX\" data-uniq-id=\"aqcst\" data-generated-css=\"brz-css-eixur\"><span class=\"brz-cp-color8\">Worthingtonstra\u00dfe 8<\/span><\/p>\n<p class=\"brz-tp-sm-paragraph brz-tp-xs-paragraph brz-tp-lg-subtitle brz-css-pVfDK\" data-uniq-id=\"dvazy\" data-generated-css=\"brz-css-fabxk\"><span class=\"brz-cp-color8\">D-74564 Crailsheim<\/span><\/p>\n<\/div>\n<\/div>\n<\/div>\n<div id class=\"brz-css-hQC3b brz-wrapper\">\n<div class=\"brz-rich-text brz-rich-text__custom brz-css-fCC9e\" data-brz-custom-id=\"zgxxpzoekunetfpifymgaymsgwikzeiheqnd\">\n<div data-brz-translate-text=\"1\">\n<p class=\"brz-tp-lg-subtitle brz-tp-xs-paragraph brz-tp-sm-paragraph brz-css-x81jl\" data-uniq-id=\"okipp\" data-generated-css=\"brz-css-cyenm\"><a class=\"link--external brz-cp-color8\" href=\"tel: 497951277780\" data-brz-link-type=\"external\" target=\"_blank\" rel=\"noopener\"><u>T: +49 (0)7951 277 78-0<\/u><\/a><\/p>\n<p class=\"brz-tp-lg-subtitle brz-tp-xs-paragraph brz-tp-sm-paragraph brz-css-p7FiU\" data-uniq-id=\"xxcyx\" data-generated-css=\"brz-css-qshlk\"><span class=\"brz-cp-color8\">F: +49 (0)7951 277 78-10 <\/span><\/p>\n<p class=\"brz-tp-lg-subtitle brz-tp-xs-paragraph brz-tp-sm-paragraph brz-css-imsC7\" data-uniq-id=\"kpxib\" data-generated-css=\"brz-css-ijkzi\"><u class=\"brz-cp-color8\">E: <\/u><a class=\"link--external brz-cp-color8\" href=\"mailto:info@apag-personalplanung.de\" data-brz-link-type=\"external\" target=\"_blank\" rel=\"noopener\"><u>info@apag-personalplanung.de<\/u><\/a><\/p>\n<\/div>\n<\/div>\n<\/div>\n<\/div>\n<\/div>\n<div class=\"brz-columns brz-css-wlyTs brz-css-tbiZL\" data-brz-custom-id=\"ksslbjplwftpfszsdopunhunnoexyshcgnqr\">\n<div class=\"brz-bg\"><\/div>\n<div class=\"brz-column__items brz-css-fnVCk\">\n<div id class=\"brz-css-hQC3b brz-wrapper\">\n<div class=\"brz-rich-text brz-rich-text__custom brz-css-fCC9e\" data-brz-custom-id=\"anzvjyywwveyopdexpgfmhhmruttslrvenhe\">\n<div data-brz-translate-text=\"1\">\n<p class=\"brz-tp-lg-heading6 brz-tp-sm-paragraph brz-tp-xs-paragraph brz-css-uUadE\" data-uniq-id=\"bazbk\" data-generated-css=\"brz-css-brkqm\"><span class=\"brz-cp-color8\">SOCI\u00c1LN\u00cd M\u00c9DIA<\/span><\/p>\n<\/div>\n<\/div>\n<\/div>\n<div id class=\"brz-css-hQC3b brz-css-h_CMu brz-wrapper\">\n<div class=\"brz-spacer brz-css-sLoLn brz-css-rsZ70\"><\/div>\n<\/div>\n<div id class=\"brz-css-hQC3b brz-css-yQbK7 brz-wrapper\">\n<div class=\"brz-icon-text brz-css-xgtKY brz-css-vdmSj\" data-brz-custom-id=\"azemajzaeopxhtedgincukmugzunqptozpft\">\n<div class=\"brz-icon__container\" data-brz-custom-id=\"apmgkrzmeafhxvkfdbcexsybogguqiogjjma\"><a class=\"brz-a\" href=\"https:\/\/www.facebook.com\/APAG-Personalplanung-GmbH-260837594360265\" target=\"_blank\" rel=\"noopener\" data-brz-link-type=\"external\"><span class=\"brz-icon brz-span brz-css-seGUJ brz-css-l37qm\"><\/span><\/a><\/div>\n<div class=\"brz-text-btn\">\n<div class=\"brz-rich-text brz-rich-text__custom brz-css-fCC9e\" data-brz-custom-id=\"kdjubtrfcszmyjvwyprplsmfulitpjpzfxrb\">\n<div data-brz-translate-text=\"1\">\n<p data-uniq-id=\"utKsg\" data-generated-css=\"brz-css-cbgBY\" class=\"brz-tp-lg-subtitle brz-tp-sm-paragraph brz-tp-xs-paragraph brz-css-xLvet\"><a class=\"brz-cp-color8 link--external\" href=\"https:\/\/www.facebook.com\/profile.php?id=61561267229216\" data-brz-link-type=\"external\" target=\"_blank\" rel=\"noopener\"><u>Facebook APAG<\/u><\/a><\/p>\n<\/div>\n<\/div>\n<\/div>\n<\/div>\n<\/div>\n<div id class=\"brz-css-hQC3b brz-css-jhJ8H brz-wrapper\">\n<div class=\"brz-icon-text brz-css-xgtKY brz-css-pnMeX\" data-brz-custom-id=\"aeThExRrEavg\">\n<div class=\"brz-icon__container\" data-brz-custom-id=\"ax9SwHZPXMui\"><a class=\"brz-a\" href=\"https:\/\/www.facebook.com\/APAG-Personalplanung-GmbH-260837594360265\" target=\"_blank\" rel=\"noopener\" data-brz-link-type=\"external\"><span class=\"brz-icon brz-span brz-css-seGUJ brz-css-j2ZCI\"><\/span><\/a><\/div>\n<div class=\"brz-text-btn\">\n<div class=\"brz-rich-text brz-rich-text__custom brz-css-fCC9e\" data-brz-custom-id=\"sx5nOt0sgVPh\">\n<div data-brz-translate-text=\"1\">\n<p class=\"brz-tp-xs-paragraph brz-tp-sm-paragraph brz-tp-lg-subtitle brz-css-l_26Q\" data-generated-css=\"brz-css-nEjk_\" data-uniq-id=\"z1Ltm\"><a class=\"brz-cp-color8 link--external\" href=\"https:\/\/www.instagram.com\/apag.personal\/\" data-brz-link-type=\"external\" target=\"_blank\" rel=\"noopener\"><u>Instagram APAG<\/u><\/a><\/p>\n<\/div>\n<\/div>\n<\/div>\n<\/div>\n<\/div>\n<div id class=\"brz-css-hQC3b brz-css-h_CMu brz-wrapper\">\n<div class=\"brz-spacer brz-css-sLoLn brz-css-qv0BC\"><\/div>\n<\/div>\n<div id class=\"brz-css-hQC3b brz-wrapper\">\n<div class=\"brz-rich-text brz-rich-text__custom brz-css-fCC9e\" data-brz-custom-id=\"ftfsboimiybwtzgsjlbyzcbfgyrnljkbmsvr\">\n<div data-brz-translate-text=\"1\">\n<p class=\"brz-tp-xs-paragraph brz-tp-sm-paragraph brz-tp-lg-heading6 brz-css-zHpIp\" data-generated-css=\"brz-css-gpohl\" data-uniq-id=\"unzyy\"><span class=\"brz-cp-color8\">Pr\u00e1vn\u00ed<\/span><\/p>\n<\/div>\n<\/div>\n<\/div>\n<div id class=\"brz-css-hQC3b brz-wrapper\">\n<div class=\"brz-rich-text brz-rich-text__custom brz-css-fCC9e\" data-brz-custom-id=\"glhizdctuaryqqqkofmxwxfyrfubqnfqvuwr\">\n<div data-brz-translate-text=\"1\">\n<p class=\"brz-tp-lg-paragraph brz-css-rlPk_\" data-uniq-id=\"rinwi\" data-generated-css=\"brz-css-tmcgd\"><a class=\"link--external\" href=\"https:\/\/apag-personal.de\/cs\/otisk\/\" data-brz-link-type=\"external\"><u>Otisk<\/u><\/a><\/p>\n<p class=\"brz-tp-lg-paragraph brz-css-ceWD9\" data-uniq-id=\"uaepl\" data-generated-css=\"brz-css-ybeyb\"><a class=\"link--external\" href=\"https:\/\/apag-personal.de\/cs\/ochrana-udaju\/\" data-brz-link-type=\"external\"><u>Z\u00e1sady ochrany osobn\u00edch \u00fadaj\u016f<\/u><\/a><\/p>\n<p class=\"brz-tp-lg-paragraph brz-css-uwgsY\" data-uniq-id=\"uaepl\" data-generated-css=\"brz-css-ybeyb\"><a class=\"link--external\" href=\"https:\/\/apagpersonalplanunggmbh.integrityline.app\/\" data-brz-link-type=\"external\" target=\"_blank\" rel=\"noopener\"><u>Syst\u00e9m whistleblower\u016f<\/u><\/a><\/p>\n<\/div>\n<\/div>\n<\/div>\n<\/div>\n<\/div>\n<\/div>\n<\/div>\n<div id class=\"brz-css-hQC3b brz-css-cpS5B brz-wrapper\">\n<div class=\"brz-line brz-line-default brz-css-fHScK brz-css-v5gHo\" data-brz-custom-id=\"cvxblixfmisrxywlcouwasqdytmgzndixiwi\">\n<hr class=\"brz-hr\"><\/div>\n<\/div>\n<div class=\"brz-wrapper-clone brz-css-nYViu brz-css-sDdXX\">\n<div class=\"brz-d-xs-flex brz-flex-xs-wrap brz-css-ozEa7 brz-css-i0dox\" data-brz-custom-id>\n<div class=\"brz-wrapper-clone__item\" id=\"myptchuowxzaggsdrmrmfeuvmxzcjpsckftw\"><a class=\"brz-a brz-btn brz-css-yHd_W brz-css-oeAoh\" href=\"https:\/\/wa.me\/+4915147943280%20\" target=\"_blank\" rel=\"noopener nofollow\" data-brz-link-type=\"external\" data-brz-custom-id=\"myptchuowxzaggsdrmrmfeuvmxzcjpsckftw\"><span data-brz-translate-text=\"1\" class=\"brz-span brz-text__editor\"><\/span><\/a><\/div>\n<\/div>\n<\/div>\n<\/div>\n<\/div>\n<\/section>\n<\/div>\n<p><!-- version:1776417491 --><\/p>","protected":false},"excerpt":{"rendered":"<p>IMPRINT APAG PERSONALPLANUNG GmbH Worthingtonstr. 8 74564 Crailsheim T: +49 (0) 7951 277 78-0 E: info@apag-personalplanung,de Osoby opr\u00e1vn\u011bn\u00e9 zastupovat Jakob Dynia | Managing Director Odpov\u011bdnost za obsah podle \u00a7 6 MDStV a ... <a title=\"PR\u00c1VN\u00cd\" class=\"read-more\" href=\"https:\/\/apag-personal.de\/cs\/otisk\/\" aria-label=\"V\u00edce na LEGAL\">\u010c\u00edst d\u00e1l<\/a><\/p>","protected":false},"author":1,"featured_media":0,"parent":0,"menu_order":0,"comment_status":"closed","ping_status":"open","template":"brizy-blank-template.php","meta":{"footnotes":""},"_links":{"self":[{"href":"https:\/\/apag-personal.de\/cs\/wp-json\/wp\/v2\/pages\/753"}],"collection":[{"href":"https:\/\/apag-personal.de\/cs\/wp-json\/wp\/v2\/pages"}],"about":[{"href":"https:\/\/apag-personal.de\/cs\/wp-json\/wp\/v2\/types\/page"}],"author":[{"embeddable":true,"href":"https:\/\/apag-personal.de\/cs\/wp-json\/wp\/v2\/users\/1"}],"replies":[{"embeddable":true,"href":"https:\/\/apag-personal.de\/cs\/wp-json\/wp\/v2\/comments?post=753"}],"version-history":[{"count":14,"href":"https:\/\/apag-personal.de\/cs\/wp-json\/wp\/v2\/pages\/753\/revisions"}],"predecessor-version":[{"id":2417,"href":"https:\/\/apag-personal.de\/cs\/wp-json\/wp\/v2\/pages\/753\/revisions\/2417"}],"wp:attachment":[{"href":"https:\/\/apag-personal.de\/cs\/wp-json\/wp\/v2\/media?parent=753"}],"curies":[{"name":"wp","href":"https:\/\/api.w.org\/{rel}","templated":true}]}}