{"id":1436,"date":"2022-10-20T14:58:37","date_gmt":"2022-10-20T12:58:37","guid":{"rendered":"https:\/\/personal-apag.de\/?page_id=1436"},"modified":"2026-04-17T11:17:47","modified_gmt":"2026-04-17T09:17:47","slug":"kontaktformular-kunde-interessent","status":"publish","type":"page","link":"https:\/\/apag-personal.de\/hu\/contact-form-customer-interested\/","title":{"rendered":"Kapcsolatfelv\u00e9teli \u0171rlap az \u00fcgyf\u00e9l \u00e9s az \u00e9rdekl\u0151d\u0151 sz\u00e1m\u00e1ra"},"content":{"rendered":"<div class=\"brz-root__container brz-reset-all\">\n<section id=\"sltswizmmjsfainythvafpbwxbivxfukozwd\" class=\"brz-section brz-css-ihJje\">\n<div class=\"brz-section__content brz-section--boxed brz-css-v9VdW brz-css-vsF0o\" data-brz-custom-id=\"efupdjwauycriqoycsaqihyezxnugwqkqgij\">\n<div class=\"brz-bg\">\n<div class=\"brz-bg-color\"><\/div>\n<\/div>\n<div class=\"brz-container brz-css-qTqDI\">\n<div class=\"brz-row__container brz-css-i_WGR\" data-brz-custom-id=\"qbjfvttccbicstzjiipauuraruitzqqalxud\">\n<div class=\"brz-bg\"><\/div>\n<div class=\"brz-row brz-css-p04ff brz-css-h1dtA\">\n<div class=\"brz-columns brz-css-fnZ8g brz-css-l4t7h\" data-brz-custom-id=\"dglwnarczctbinxpamfszgnxtumxrvnkemun\">\n<div class=\"brz-bg\"><\/div>\n<div class=\"brz-column__items brz-css-awCCb brz-css-qgeZm\">\n<div id class=\"brz-css-ygu3b brz-wrapper\">\n<div class=\"brz-rich-text brz-rich-text__custom brz-css-kmAZ9\" data-brz-custom-id=\"rblbnysqdqwytxdfisywebozcxrfwmlvwqkx\">\n<div data-brz-translate-text=\"1\">\n<h2 class=\"brz-tp-lg-heading2 brz-text-xs-center brz-css-f7ZwZ\" data-uniq-id=\"wswlm\" data-generated-css=\"brz-css-qmccz\"><span class=\"brz-cp-color2\">\u00d6n \u00fcgyf\u00e9l vagy \u00e9rdekl\u0151d\u0151, \u00e9s k\u00e9rd\u00e9se van hozz\u00e1nk?<\/span><\/h2>\n<\/div>\n<\/div>\n<\/div>\n<div id class=\"brz-css-ygu3b brz-css-uX6zW brz-css-pPfQL brz-wrapper\">\n<div class=\"brz-spacer brz-css-wqkbw brz-css-c6WyW\"><\/div>\n<\/div>\n<div id class=\"brz-css-ygu3b brz-css-h38k5 brz-wrapper\">\n<div class=\"brz-rich-text brz-rich-text__custom brz-css-kmAZ9\" data-brz-custom-id=\"tgjczxotgpxvllfbgvpofwxgqbvosbkwopao\">\n<div data-brz-translate-text=\"1\">\n<p class=\"brz-tp-lg-subtitle brz-text-xs-center brz-css-iLVqk\" data-generated-css=\"brz-css-qqcoq\" data-uniq-id=\"wihxl\"><\/p>\n<\/div>\n<\/div>\n<\/div>\n<div id class=\"brz-css-ygu3b brz-css-uX6zW brz-css-r5fvn brz-wrapper\">\n<div class=\"brz-spacer brz-css-wqkbw brz-css-fSIWH\"><\/div>\n<\/div>\n<div id class=\"brz-css-ygu3b brz-css-uX6zW brz-css-lCJg_ brz-wrapper\">\n<div class=\"brz-spacer brz-css-wqkbw brz-css-dE56x\"><\/div>\n<\/div>\n<div id class=\"brz-css-ygu3b brz-css-uX6zW brz-css-pfnVl brz-wrapper\">\n<div class=\"brz-spacer brz-css-wqkbw brz-css-drpRx\"><\/div>\n<\/div>\n<\/div>\n<\/div>\n<div class=\"brz-columns brz-css-fnZ8g brz-css-bgIdq\" data-brz-custom-id=\"hlyxwaotdwtuniddmiiytvhlszlgqivlrijp\">\n<div class=\"brz-bg\">\n<div class=\"brz-bg-color\"><\/div>\n<\/div>\n<div class=\"brz-column__items brz-css-awCCb brz-css-a6D3h\">\n<div id class=\"brz-css-ygu3b brz-css-uX6zW brz-css-hmPYk brz-wrapper\">\n<div class=\"brz-spacer brz-css-wqkbw brz-css-tO4wT\"><\/div>\n<\/div>\n<div id class=\"brz-css-ygu3b brz-wrapper\">\n<div data-brz-form-version=\"2\" class=\"brz-forms2 brz-css-pYm9o brz-css-tGCE3\" data-brz-custom-id=\"meonlvowmmbucmkznxpslleflubvbcsiijfc\">\n<div data-brz-translate-text=\"1\" class=\"brz-forms2__item brz-css-aqkwv brz-css-jHR8L brz-css-nFRvN\"><\/div>\n<div data-brz-translate-text=\"1\" class=\"brz-forms2__item brz-css-aqkwv brz-css-jHR8L brz-css-nFRvN\"><\/div>\n<div data-brz-translate-text=\"1\" class=\"brz-forms2__item brz-css-aqkwv brz-css-jHR8L brz-css-nFRvN\"><\/div>\n<div data-brz-translate-text=\"1\" class=\"brz-forms2__item brz-css-aqkwv brz-css-jHR8L brz-css-nFRvN\"><\/div>\n<div data-brz-translate-text=\"1\" class=\"brz-forms2__item brz-css-aqkwv brz-css-jHR8L brz-css-nFRvN\"><\/div>\n<div data-brz-translate-text=\"1\" class=\"brz-forms2__item brz-css-aqkwv brz-css-jHR8L brz-css-nFRvN\"><\/div>\n<div data-brz-translate-text=\"1\" class=\"brz-forms2__item brz-css-aqkwv brz-css-jHR8L brz-css-nFRvN\"><\/div>\n<div data-brz-translate-text=\"1\" class=\"brz-forms2__item brz-css-aqkwv brz-css-jHR8L brz-css-nFRvN\">\n<div class=\"brz-forms2__field brz-forms2__field-select brz-css-keMd8\">K\u00e9rj\u00fck, v\u00e1lasszon ki egyet a lehet\u0151s\u00e9gek k\u00f6z\u00fcl*Szeretn\u00e9nk k\u00f6zvetlen\u00fcl elhelyezkedniC\u00e9ginform\u00e1ci\u00f3Csak visszah\u00edv\u00e1sSzem\u00e9lyes interj\u00faMunkak\u00f6zvet\u00edt\u00e9sSzem\u00e9lyes \u00e1ll\u00e1sinterj\u00faSzem\u00e9lyzeti k\u00f6vetelm\u00e9nyek<\/div>\n<\/div>\n<div data-brz-translate-text=\"1\" class=\"brz-forms2__item brz-css-aqkwv brz-css-jHR8L brz-css-nFRvN\"><\/div>\n<div data-brz-translate-text=\"1\" class=\"brz-forms2__item brz-css-aqkwv brz-css-jHR8L brz-css-nFRvN brz-css-hVuZv\"><textarea id=\"k3VdKN0XBjaz\" name=\"siodxannxenwgpjasxbfwazwwthuumhkohmx\" data-brz-type=\"Paragraph\" data-brz-label=\"Nachricht*\" data-brz-placeholder=\"Nachricht*\" class=\"brz-textarea brz-forms2__field brz-forms2__field-paragraph\"><\/textarea><\/div>\n<div class=\"brz-forms2 brz-forms2__item brz-forms2__item-button\" data-brz-custom-id=\"meonlvowmmbucmkznxpslleflubvbcsiijfc\"><button class=\"brz-btn brz-btn-submit brz-css-tUuww brz-css-iABem\" data-brz-custom-id=\"zgpvqvcuuitixdcuicwbpjunjipksaduleiu\"><span data-brz-translate-text=\"1\" class=\"brz-span brz-text__editor\">Formanyomtatv\u00e1ny bek\u00fcld\u00e9se<\/span><\/button>!function(){function t(t){this.element=t,this.animationId,this.start=null,this.init()}if(!window.requestAnimationFrame){var i=null;window.requestAnimationFrame=function(t,n){var e=(new Date).getTime();i||(i=e);var a=Math.max(0,16-(e-i)),o=window.setTimeout(function(){t(e+a)},a);return i=e+a,o}}t.prototype.init=function(){var t=this;this.animationId=window.requestAnimationFrame(t.triggerAnimation.bind(t))},t.prototype.reset=function(){var t=this;window.cancelAnimationFrame(t.animationId)},t.prototype.triggerAnimation=function(t){var i=this;this.start||(this.start=t);var n=t-this.start;504&gt;n||(this.start=this.start+504),this.element.setAttribute(&quot;transform&quot;,&quot;rotate(&quot;+Math.min(n\/1.4,360)+&quot; 12 12)&quot;);if(document.documentElement.contains(this.element))window.requestAnimationFrame(i.triggerAnimation.bind(i))};var n=document.getElementsByClassName(&quot;nc-loop_circle-02-24&quot;),e=[];if(n)for(var a=0;n.length&gt;a;a++)!function(i){e.push(new t(n[i]))}(a);document.addEventListener(&quot;visibilitychange&quot;,function(){&quot;hidden&quot;==document.visibilityState?e.forEach(function(t){t.reset()}):e.forEach(function(t){t.init()})})}();<\/div>\n<\/div>\n<\/div>\n<div id class=\"brz-css-ygu3b brz-wrapper\">\n<div class=\"brz-rich-text brz-rich-text__custom brz-css-kmAZ9\" data-brz-custom-id=\"bADW__8Bt73t\">\n<div data-brz-translate-text=\"1\">\n<p class=\"brz-tp-lg-paragraph brz-css-pGTfZ\" data-uniq-id=\"oMyMC\" data-generated-css=\"brz-css-jmPwb\"><span class=\"brz-cp-color7\">Mit dem Absenden best&auml;tige ich, dass ich die <\/span><a class=\"brz-cp-color7 link--external\" href=\"https:\/\/apag-personal.de\/hu\/adatvedelem\/\" data-brz-link-type=\"external\">Adatv\u00e9delmi szab\u00e1lyzat<\/a><span class=\"brz-cp-color7\"> zur Kenntnis genommen habe.<\/span><\/p>\n<\/div>\n<\/div>\n<\/div>\n<div id class=\"brz-css-ygu3b brz-css-uX6zW brz-css-goPt3 brz-wrapper\">\n<div class=\"brz-spacer brz-css-wqkbw brz-css-kexOu\"><\/div>\n<\/div>\n<\/div>\n<\/div>\n<\/div>\n<\/div>\n<\/div>\n<\/div>\n<\/section>\n<section id=\"bteuzlgtblgaiofwcamkrdphjhxkqfocfmft\" class=\"brz-section brz-css-ihJje\">\n<div class=\"brz-section__content brz-section--boxed brz-css-v9VdW brz-css-lgXYZ\" data-brz-custom-id=\"ayvdbwsvilfiivdculkblnfcmecsalxrkoos\">\n<div class=\"brz-bg\">\n<div class=\"brz-bg-color\"><\/div>\n<\/div>\n<div class=\"brz-container brz-css-qTqDI\">\n<div class=\"brz-row__container brz-css-i_WGR\" data-brz-custom-id=\"jrlegcerepqeeiseslhvtcymoqkmvizkioby\">\n<div class=\"brz-bg\"><\/div>\n<div class=\"brz-row brz-css-p04ff brz-css-h1dtA\">\n<div class=\"brz-columns brz-css-fnZ8g brz-css-m240l\" data-brz-custom-id=\"kcpkhtjaengdtbpqvveryyssqmaaubjkpsws\">\n<div class=\"brz-bg\"><\/div>\n<div class=\"brz-column__items brz-css-awCCb brz-css-pAdhy\">\n<div id class=\"brz-css-ygu3b brz-css-ofbDw brz-wrapper\">\n<div class=\"brz-image brz-css-jFjiw\" data-brz-custom-id=\"docgqlctoqtqrkyqgpcyleysqrbruwmzmslw\"><img decoding=\"async\" class=\"brz-img\" src=\"https:\/\/apag-personal.de\/wp-content\/uploads\/brizy\/imgs\/Logo-weiss-275x96x0x5x275x85x1655822499.png\" alt=\"\" loading=\"lazy\"><\/div>\n<\/div>\n<div class=\"brz-row__container brz-css-i_WGR\" data-brz-custom-id=\"b07BLXYPB4Gt\">\n<div class=\"brz-bg\"><\/div>\n<div class=\"brz-row brz-row--inner brz-css-p04ff brz-css-h1dtA\">\n<div class=\"brz-columns brz-css-fnZ8g brz-css-epBbz\" data-brz-custom-id=\"e2cycjrbjZYd\">\n<div class=\"brz-bg\"><\/div>\n<div class=\"brz-column__items brz-css-awCCb\">\n<div id class=\"brz-css-ygu3b brz-css-luoD5 brz-wrapper\">\n<div class=\"brz-image brz-css-aEHtL\" data-brz-custom-id=\"phmbepmkepgxjnxzobwhilfpgeqnwcrfngmt\"><img decoding=\"async\" class=\"brz-img\" src=\"https:\/\/apag-personal.de\/wp-content\/uploads\/brizy\/imgs\/kununu_TopCompanyBadge_2023-68x90x0x0x68x90x1677136333.png\" alt=\"\" loading=\"lazy\"><\/div>\n<\/div>\n<\/div>\n<\/div>\n<div class=\"brz-columns brz-css-fnZ8g brz-css-wYYNe\" data-brz-custom-id=\"enE1bZt4Zd4E\">\n<div class=\"brz-bg\"><\/div>\n<div class=\"brz-column__items brz-css-awCCb\">\n<div id class=\"brz-css-ygu3b brz-css-nTZj7 brz-wrapper\">\n<div class=\"brz-image brz-css-xjuYo\" data-brz-custom-id=\"c21rtsfocBDX\"><img decoding=\"async\" class=\"brz-img\" src=\"https:\/\/apag-personal.de\/wp-content\/uploads\/brizy\/imgs\/GVP-Logo_Mitglied_RGB_blau-61x91x0x0x61x91x1705498554.png\" alt=\"\" loading=\"lazy\"><\/div>\n<\/div>\n<\/div>\n<\/div>\n<div class=\"brz-columns brz-css-fnZ8g brz-css-w0vDs\" data-brz-custom-id=\"j60uPisUZnFa\">\n<div class=\"brz-bg\"><\/div>\n<div class=\"brz-column__items brz-css-awCCb\">\n<div id class=\"brz-css-ygu3b brz-css-p0GRS brz-wrapper\">\n<div class=\"brz-image brz-css-kBPgW\" data-brz-custom-id=\"rcfFa2eNoOlp\"><img decoding=\"async\" class=\"brz-img\" src=\"https:\/\/apag-personal.de\/wp-content\/uploads\/brizy\/imgs\/kununu-top-company-2024-68x90x0x0x68x90x1736339135.jpg\" alt=\"\" loading=\"lazy\"><\/div>\n<\/div>\n<\/div>\n<\/div>\n<\/div>\n<\/div>\n<div id class=\"brz-css-ygu3b brz-css-uX6zW brz-wrapper\">\n<div class=\"brz-spacer brz-css-wqkbw brz-css-ubVOn\"><\/div>\n<\/div>\n<\/div>\n<\/div>\n<div class=\"brz-columns brz-css-fnZ8g brz-css-lCa8l\" data-brz-custom-id=\"kilkssfzallhxvhwlmnhzwjdchfluzvvascb\">\n<div class=\"brz-bg\"><\/div>\n<div class=\"brz-column__items brz-css-awCCb\">\n<div id class=\"brz-css-ygu3b brz-wrapper\">\n<div class=\"brz-rich-text brz-rich-text__custom brz-css-kmAZ9\" data-brz-custom-id=\"ouyxtyrxllknqncfntricrtqssjwkbqrreyp\">\n<div data-brz-translate-text=\"1\">\n<p class=\"brz-tp-xs-paragraph brz-tp-sm-paragraph brz-tp-lg-heading6 brz-css-xlkFc\" data-uniq-id=\"xhutt\" data-generated-css=\"brz-css-vpbwe\"><span class=\"brz-cp-color8\">APAG Personalplanung GmbH<\/span><\/p>\n<\/div>\n<\/div>\n<\/div>\n<div id class=\"brz-css-ygu3b brz-css-uX6zW brz-wrapper\">\n<div class=\"brz-spacer brz-css-wqkbw brz-css-vJRGv\"><\/div>\n<\/div>\n<div id class=\"brz-css-ygu3b brz-wrapper\">\n<div class=\"brz-rich-text brz-rich-text__custom brz-css-kmAZ9\" data-brz-custom-id=\"bgabrbrxwwbmyqaolrrqetxhspbqphoqvfrr\">\n<div data-brz-translate-text=\"1\">\n<p class=\"brz-tp-sm-paragraph brz-tp-xs-paragraph brz-tp-lg-subtitle brz-css-skvfz\" data-uniq-id=\"aqcst\" data-generated-css=\"brz-css-eixur\"><span class=\"brz-cp-color8\">Worthingtonstra\u00dfe 8<\/span><\/p>\n<p class=\"brz-tp-sm-paragraph brz-tp-xs-paragraph brz-tp-lg-subtitle brz-css-exsHV\" data-uniq-id=\"dvazy\" data-generated-css=\"brz-css-fabxk\"><span class=\"brz-cp-color8\">D-74564 Crailsheim<\/span><\/p>\n<\/div>\n<\/div>\n<\/div>\n<div id class=\"brz-css-ygu3b brz-wrapper\">\n<div class=\"brz-rich-text brz-rich-text__custom brz-css-kmAZ9\" data-brz-custom-id=\"zgxxpzoekunetfpifymgaymsgwikzeiheqnd\">\n<div data-brz-translate-text=\"1\">\n<p class=\"brz-tp-lg-subtitle brz-tp-xs-paragraph brz-tp-sm-paragraph brz-css-eQpUZ\" data-uniq-id=\"okipp\" data-generated-css=\"brz-css-cyenm\"><a class=\"link--external brz-cp-color8\" href=\"tel: 497951277780\" data-brz-link-type=\"external\" target=\"_blank\" rel=\"noopener\"><u>T: +49 (0)7951 277 78-0<\/u><\/a><\/p>\n<p class=\"brz-tp-lg-subtitle brz-tp-xs-paragraph brz-tp-sm-paragraph brz-css-fvXDD\" data-uniq-id=\"xxcyx\" data-generated-css=\"brz-css-qshlk\"><span class=\"brz-cp-color8\">F: +49 (0)7951 277 78-10 <\/span><\/p>\n<p class=\"brz-tp-lg-subtitle brz-tp-xs-paragraph brz-tp-sm-paragraph brz-css-rJX1d\" data-uniq-id=\"kpxib\" data-generated-css=\"brz-css-ijkzi\"><u class=\"brz-cp-color8\">E: <\/u><a class=\"link--external brz-cp-color8\" href=\"mailto:info@apag-personalplanung.de\" data-brz-link-type=\"external\" target=\"_blank\" rel=\"noopener\"><u>info@apag-personalplanung.de<\/u><\/a><\/p>\n<\/div>\n<\/div>\n<\/div>\n<\/div>\n<\/div>\n<div class=\"brz-columns brz-css-fnZ8g brz-css-vUEY4\" data-brz-custom-id=\"ksslbjplwftpfszsdopunhunnoexyshcgnqr\">\n<div class=\"brz-bg\"><\/div>\n<div class=\"brz-column__items brz-css-awCCb\">\n<div id class=\"brz-css-ygu3b brz-wrapper\">\n<div class=\"brz-rich-text brz-rich-text__custom brz-css-kmAZ9\" data-brz-custom-id=\"anzvjyywwveyopdexpgfmhhmruttslrvenhe\">\n<div data-brz-translate-text=\"1\">\n<p class=\"brz-tp-lg-heading6 brz-tp-sm-paragraph brz-tp-xs-paragraph brz-css-vIgO9\" data-uniq-id=\"bazbk\" data-generated-css=\"brz-css-brkqm\"><span class=\"brz-cp-color8\">SZOCI\u00c1LIS M\u00c9DIA<\/span><\/p>\n<\/div>\n<\/div>\n<\/div>\n<div id class=\"brz-css-ygu3b brz-css-uX6zW brz-wrapper\">\n<div class=\"brz-spacer brz-css-wqkbw brz-css-u5JUM\"><\/div>\n<\/div>\n<div id class=\"brz-css-ygu3b brz-css-r1qSD brz-wrapper\">\n<div class=\"brz-icon-text brz-css-liRIB brz-css-aTTEA\" data-brz-custom-id=\"azemajzaeopxhtedgincukmugzunqptozpft\">\n<div class=\"brz-icon__container\" data-brz-custom-id=\"apmgkrzmeafhxvkfdbcexsybogguqiogjjma\"><a class=\"brz-a\" href=\"https:\/\/www.facebook.com\/APAG-Personalplanung-GmbH-260837594360265\" target=\"_blank\" rel=\"noopener\" data-brz-link-type=\"external\"><span class=\"brz-icon brz-span brz-css-g2iDo brz-css-cBRdL\"><\/span><\/a><\/div>\n<div class=\"brz-text-btn\">\n<div class=\"brz-rich-text brz-rich-text__custom brz-css-kmAZ9\" data-brz-custom-id=\"kdjubtrfcszmyjvwyprplsmfulitpjpzfxrb\">\n<div data-brz-translate-text=\"1\">\n<p data-uniq-id=\"utKsg\" data-generated-css=\"brz-css-cbgBY\" class=\"brz-tp-lg-subtitle brz-tp-sm-paragraph brz-tp-xs-paragraph brz-css-lbIRz\"><a class=\"brz-cp-color8 link--external\" href=\"https:\/\/www.facebook.com\/profile.php?id=61561267229216\" data-brz-link-type=\"external\" target=\"_blank\" rel=\"noopener\"><u>Facebook APAG<\/u><\/a><\/p>\n<\/div>\n<\/div>\n<\/div>\n<\/div>\n<\/div>\n<div id class=\"brz-css-ygu3b brz-css-om38g brz-wrapper\">\n<div class=\"brz-icon-text brz-css-liRIB brz-css-oJ5WI\" data-brz-custom-id=\"aeThExRrEavg\">\n<div class=\"brz-icon__container\" data-brz-custom-id=\"ax9SwHZPXMui\"><a class=\"brz-a\" href=\"https:\/\/www.facebook.com\/APAG-Personalplanung-GmbH-260837594360265\" target=\"_blank\" rel=\"noopener\" data-brz-link-type=\"external\"><span class=\"brz-icon brz-span brz-css-g2iDo brz-css-qG0Dh\"><\/span><\/a><\/div>\n<div class=\"brz-text-btn\">\n<div class=\"brz-rich-text brz-rich-text__custom brz-css-kmAZ9\" data-brz-custom-id=\"sx5nOt0sgVPh\">\n<div data-brz-translate-text=\"1\">\n<p class=\"brz-tp-xs-paragraph brz-tp-sm-paragraph brz-tp-lg-subtitle brz-css-dCG3D\" data-generated-css=\"brz-css-nEjk_\" data-uniq-id=\"z1Ltm\"><a class=\"brz-cp-color8 link--external\" href=\"https:\/\/www.instagram.com\/apag.personal\/\" data-brz-link-type=\"external\" target=\"_blank\" rel=\"noopener\"><u>Instagram APAG<\/u><\/a><\/p>\n<\/div>\n<\/div>\n<\/div>\n<\/div>\n<\/div>\n<div id class=\"brz-css-ygu3b brz-css-uX6zW brz-wrapper\">\n<div class=\"brz-spacer brz-css-wqkbw brz-css-rs5nY\"><\/div>\n<\/div>\n<div id class=\"brz-css-ygu3b brz-wrapper\">\n<div class=\"brz-rich-text brz-rich-text__custom brz-css-kmAZ9\" data-brz-custom-id=\"ftfsboimiybwtzgsjlbyzcbfgyrnljkbmsvr\">\n<div data-brz-translate-text=\"1\">\n<p class=\"brz-tp-xs-paragraph brz-tp-sm-paragraph brz-tp-lg-heading6 brz-css-wws7W\" data-generated-css=\"brz-css-gpohl\" data-uniq-id=\"unzyy\"><span class=\"brz-cp-color8\">Jogi<\/span><\/p>\n<\/div>\n<\/div>\n<\/div>\n<div id class=\"brz-css-ygu3b brz-wrapper\">\n<div class=\"brz-rich-text brz-rich-text__custom brz-css-kmAZ9\" data-brz-custom-id=\"glhizdctuaryqqqkofmxwxfyrfubqnfqvuwr\">\n<div data-brz-translate-text=\"1\">\n<p class=\"brz-tp-lg-paragraph brz-css-eD45P\" data-uniq-id=\"rinwi\" data-generated-css=\"brz-css-tmcgd\"><a class=\"link--external\" href=\"https:\/\/apag-personal.de\/hu\/impresszum\/\" data-brz-link-type=\"external\"><u>Impresszum<\/u><\/a><\/p>\n<p class=\"brz-tp-lg-paragraph brz-css-grCuX\" data-uniq-id=\"uaepl\" data-generated-css=\"brz-css-ybeyb\"><a class=\"link--external\" href=\"https:\/\/apag-personal.de\/hu\/adatvedelem\/\" data-brz-link-type=\"external\"><u>Adatv\u00e9delmi szab\u00e1lyzat<\/u><\/a><\/p>\n<p class=\"brz-tp-lg-paragraph brz-css-bgNh2\" data-uniq-id=\"uaepl\" data-generated-css=\"brz-css-ybeyb\"><a class=\"link--external\" href=\"https:\/\/apagpersonalplanunggmbh.integrityline.app\/\" data-brz-link-type=\"external\" target=\"_blank\" rel=\"noopener\"><u>Bejelent\u0151 rendszer<\/u><\/a><\/p>\n<\/div>\n<\/div>\n<\/div>\n<\/div>\n<\/div>\n<\/div>\n<\/div>\n<div id class=\"brz-css-ygu3b brz-css-koRLt brz-wrapper\">\n<div class=\"brz-line brz-line-default brz-css-ix3ta brz-css-mz59K\" data-brz-custom-id=\"cvxblixfmisrxywlcouwasqdytmgzndixiwi\">\n<hr class=\"brz-hr\"><\/div>\n<\/div>\n<div class=\"brz-wrapper-clone brz-css-oxG15 brz-css-gH78m\">\n<div class=\"brz-d-xs-flex brz-flex-xs-wrap brz-css-sbNNh brz-css-g3Eat\" data-brz-custom-id>\n<div class=\"brz-wrapper-clone__item\" id=\"myptchuowxzaggsdrmrmfeuvmxzcjpsckftw\"><a class=\"brz-a brz-btn brz-css-tUuww brz-css-gchpV\" href=\"https:\/\/wa.me\/+4915147943280%20\" target=\"_blank\" rel=\"noopener nofollow\" data-brz-link-type=\"external\" data-brz-custom-id=\"myptchuowxzaggsdrmrmfeuvmxzcjpsckftw\"><span data-brz-translate-text=\"1\" class=\"brz-span brz-text__editor\"><\/span><\/a><\/div>\n<\/div>\n<\/div>\n<\/div>\n<\/div>\n<\/section>\n<\/div>\n<p><!-- version:1776417467 --><\/p>","protected":false},"excerpt":{"rendered":"<p>\u00d6n \u00fcgyf\u00e9l vagy \u00e9rdekl\u0151d\u0151, \u00e9s k\u00e9rd\u00e9se van hozz\u00e1nk? K\u00e9rj\u00fck, v\u00e1lasszon ki egyet a lehet\u0151s\u00e9gek k\u00f6z\u00fcl*Erdekl\u0151dik k\u00f6zvetlen k\u00f6zvet\u00edt\u00e9s ir\u00e1ntC\u00e9ginform\u00e1ci\u00f3CallbackSzem\u00e9lyes interj\u00faMunkak\u00f6zvet\u00edt\u00e9sElk\u00fcld\u00f6m az \u0171rlapot!function(){function t(t){this.element=t,this.animationId,this.start=null,this.init()}if(!window.requestAnimationFrame){var i=null;window.requestAnimationFrame=function(t,n){var e=(new Date).getTime();i||(i=e);var a=Math.max(0,16-(e-i)),o=window.setTimeout(function(){t(e+a)},a);return i=e+a,o}}t.prototype.init=function(){var t=this;this.animationId=window.requestAnimationFrame(t.triggerAnimation.bind(t))},t.prototype.reset=function(){var t=this;window.cancelAnimationFrame(t.animationId)},t.prototype.triggerAnimation=function(t){var ... <a title=\"Kapcsolatfelv\u00e9teli \u0171rlap az \u00fcgyf\u00e9l \u00e9s az \u00e9rdekl\u0151d\u0151 sz\u00e1m\u00e1ra\" class=\"read-more\" href=\"https:\/\/apag-personal.de\/hu\/contact-form-customer-interested\/\" aria-label=\"Tov\u00e1bbiak kapcsolatfelv\u00e9teli \u0171rlap az \u00fcgyfelek \u00e9s \u00e9rdekl\u0151d\u0151k sz\u00e1m\u00e1ra\">Olvass tov\u00e1bb<\/a><\/p>","protected":false},"author":1,"featured_media":0,"parent":0,"menu_order":0,"comment_status":"closed","ping_status":"closed","template":"brizy-blank-template.php","meta":{"footnotes":""},"_links":{"self":[{"href":"https:\/\/apag-personal.de\/hu\/wp-json\/wp\/v2\/pages\/1436"}],"collection":[{"href":"https:\/\/apag-personal.de\/hu\/wp-json\/wp\/v2\/pages"}],"about":[{"href":"https:\/\/apag-personal.de\/hu\/wp-json\/wp\/v2\/types\/page"}],"author":[{"embeddable":true,"href":"https:\/\/apag-personal.de\/hu\/wp-json\/wp\/v2\/users\/1"}],"replies":[{"embeddable":true,"href":"https:\/\/apag-personal.de\/hu\/wp-json\/wp\/v2\/comments?post=1436"}],"version-history":[{"count":22,"href":"https:\/\/apag-personal.de\/hu\/wp-json\/wp\/v2\/pages\/1436\/revisions"}],"predecessor-version":[{"id":3125,"href":"https:\/\/apag-personal.de\/hu\/wp-json\/wp\/v2\/pages\/1436\/revisions\/3125"}],"wp:attachment":[{"href":"https:\/\/apag-personal.de\/hu\/wp-json\/wp\/v2\/media?parent=1436"}],"curies":[{"name":"wp","href":"https:\/\/api.w.org\/{rel}","templated":true}]}}