{"id":753,"date":"2022-07-05T14:11:21","date_gmt":"2022-07-05T14:11:21","guid":{"rendered":"https:\/\/personal-apag.de\/?page_id=753"},"modified":"2026-04-17T11:18:11","modified_gmt":"2026-04-17T09:18:11","slug":"impressum","status":"publish","type":"page","link":"https:\/\/apag-personal.de\/hu\/impresszum\/","title":{"rendered":"JOGI"},"content":{"rendered":"<div class=\"brz-root__container brz-reset-all\">\n<section id=\"ebuqwnfxcnmkfomaohnpxpntfcupkanddyma\" class=\"brz-section brz-css-xmill brz-css-gS3HE\">\n<div class=\"brz-slick-slider brz-slick-slider__section\" data-slides-to-show=\"1\" data-slides-to-scroll=\"1\" data-arrows=\"true\" data-dots=\"true\" data-dots-class=\"brz-slick-slider__dots brz-slick-slider__dots--circle\" data-fade=\"false\" data-vertical=\"false\" data-auto-play=\"false\" data-auto-play-speed=\"3000\" data-swipe=\"true\" data-responsive=\"%5B%7B%22breakpoint%22%3A767%2C%22settings%22%3A%7B%22slidesToShow%22%3A1%2C%22slidesToScroll%22%3A1%7D%7D%5D\">\n<div>\n<div class=\"brz-section__content brz-section--boxed brz-css-rhI6n brz-css-i9lhp\" data-brz-custom-id=\"lrrolilsqzoeqyzszgckapvdokfwrpetzlxx\">\n<div class=\"brz-bg\">\n<div class=\"brz-bg-image\"><\/div>\n<div class=\"brz-bg-color\"><\/div>\n<\/div>\n<div class=\"brz-container brz-css-dZGjA\">\n<div id class=\"brz-css-hQC3b brz-css-h_CMu brz-wrapper\">\n<div class=\"brz-spacer brz-css-sLoLn\"><\/div>\n<\/div>\n<div id class=\"brz-css-hQC3b brz-css-h_CMu brz-wrapper\">\n<div class=\"brz-spacer brz-css-sLoLn\"><\/div>\n<\/div>\n<div id class=\"brz-css-hQC3b brz-css-h_CMu brz-wrapper\">\n<div class=\"brz-spacer brz-css-sLoLn\"><\/div>\n<\/div>\n<div id class=\"brz-css-hQC3b brz-css-h_CMu brz-wrapper\">\n<div class=\"brz-spacer brz-css-sLoLn\"><\/div>\n<\/div>\n<div id class=\"brz-css-hQC3b brz-css-wuAtr brz-wrapper\">\n<div class=\"brz-rich-text brz-rich-text__custom brz-css-fCC9e\" data-brz-custom-id=\"kknizethwigxtnhhzcbrzqkpcdqlkvhhacps\">\n<div data-brz-translate-text=\"1\">\n<p class=\"brz-fs-xs-31 brz-tp-xs-empty brz-lh-xs-1_3 brz-ls-xs-m_1 brz-fw-xs-700 brz-fss-xs-px brz-lh-lg-1_3 brz-ls-lg-m_1_5 brz-fw-lg-700 brz-fss-lg-px brz-fs-lg-46 brz-ft-google brz-ff-overpass brz-tp-lg-empty brz-tp-sm-heading1 brz-text-lg-center brz-css-nZa8d\" data-generated-css=\"brz-css-mwmyf\" data-uniq-id=\"kagoz\"><span class=\"brz-scp-color2 brz-cp-color8\">IMPRINT<\/span><\/p>\n<\/div>\n<\/div>\n<\/div>\n<div id class=\"brz-css-hQC3b brz-css-h_CMu brz-css-k2U_p brz-wrapper\">\n<div class=\"brz-spacer brz-css-sLoLn brz-css-cGYDB\"><\/div>\n<\/div>\n<\/div>\n<\/div>\n<\/div>\n<\/div>\n<\/section>\n<section id=\"snudivthfuttxvtprsoogifbymhfpsvrjdlq\" class=\"brz-section brz-css-xmill\">\n<div class=\"brz-section__content brz-section--boxed brz-css-rhI6n brz-css-ucgEk\" data-brz-custom-id=\"pmmxbpmoapqqlmkkjzuxlyvabwfgujxhegxt\">\n<div class=\"brz-container brz-css-dZGjA\">\n<div id class=\"brz-css-hQC3b brz-css-h_CMu brz-wrapper\">\n<div class=\"brz-spacer brz-css-sLoLn brz-css-jqR_6\"><\/div>\n<\/div>\n<div class=\"brz-row__container brz-css-csVbo\" data-brz-custom-id=\"bctoaffwlwaruwrcobfswuptrhsqxamnwaqc\">\n<div class=\"brz-bg\"><\/div>\n<div class=\"brz-row brz-css-wgcId brz-css-gWF5W\">\n<div class=\"brz-columns brz-css-wlyTs brz-css-hckw7\" data-brz-custom-id=\"elefvuvfopowqkbtrgxztpbyqoyulbcuhfco\">\n<div class=\"brz-bg\">\n<div class=\"brz-bg-color\"><\/div>\n<\/div>\n<div class=\"brz-column__items brz-css-fnVCk brz-css-dT3lU\">\n<div id class=\"brz-css-hQC3b brz-wrapper\">\n<div class=\"brz-rich-text brz-rich-text__custom brz-css-fCC9e\" data-brz-custom-id=\"krustlhdnvjcwectsjrekuxippgbjoqbqbxa\">\n<div data-brz-translate-text=\"1\">\n<p class=\"brz-text-lg-center brz-tp-lg-paragraph brz-css-pXGPd\" data-uniq-id=\"eceuo\" data-generated-css=\"brz-css-miqlb\"><strong class=\"brz-cp-color7\">APAG PERSONALPLANUNG GmbH<\/strong><\/p>\n<p class=\"brz-text-lg-center brz-tp-lg-paragraph brz-css-fZpDh\" data-uniq-id=\"ydpzj\" data-generated-css=\"brz-css-olbvm\"><span class=\"brz-cp-color7\">Worthingtonstr. 8<\/span><\/p>\n<p class=\"brz-text-lg-center brz-tp-lg-paragraph brz-css-sV5VC\" data-uniq-id=\"ttabs\" data-generated-css=\"brz-css-lixmc\"><span class=\"brz-cp-color7\">74564 Crailsheim<\/span><\/p>\n<p class=\"brz-text-lg-center brz-tp-lg-paragraph brz-css-swHrO\" data-uniq-id=\"qkbnu\" data-generated-css=\"brz-css-zblrd\"><span class=\"brz-cp-color7\">T: +49 (0) 7951 277 78-0 <\/span><\/p>\n<p class=\"brz-text-lg-center brz-tp-lg-paragraph brz-css-qZbyd\" data-uniq-id=\"ctvks\" data-generated-css=\"brz-css-rofnm\"><span class=\"brz-cp-color7\">E: info@apag-personalplanung,de<\/span><\/p>\n<p class=\"brz-text-lg-center brz-tp-lg-paragraph brz-css-vPx9O\" data-uniq-id=\"rieqm\" data-generated-css=\"brz-css-mmdjo\"><\/p>\n<p class=\"brz-text-lg-center brz-tp-lg-paragraph brz-css-pcQGI\" data-uniq-id=\"xzayx\" data-generated-css=\"brz-css-ytvlr\"><span class=\"brz-cp-color7\">Meghatalmazott k\u00e9pvisel\u0151k<\/span><\/p>\n<p class=\"brz-text-lg-center brz-tp-lg-paragraph brz-css-s6Vy6\" data-uniq-id=\"ryzfs\" data-generated-css=\"brz-css-agwfy\"><span class=\"brz-cp-color7\">Jakob Dynia | \u00dcgyvezet\u0151 igazgat\u00f3<\/span><\/p>\n<p class=\"brz-text-lg-center brz-tp-lg-paragraph brz-css-o5C3g\" data-uniq-id=\"wdtyp\" data-generated-css=\"brz-css-rarrf\"><span class=\"brz-cp-color7\">&nbsp;<\/span><\/p>\n<p class=\"brz-text-lg-center brz-tp-lg-paragraph brz-css-mYtkj\" data-uniq-id=\"nuxik\" data-generated-css=\"brz-css-ntpth\"><span class=\"brz-cp-color7\">A tartalom\u00e9rt felel\u0151s az MDStV 6. \u00a7-a \u00e9s az RStV 55. \u00a7-a szerint: Jakob Dynia (el\u00e9rhet\u0151s\u00e9gek l\u00e1sd fent).<\/span><\/p>\n<p class=\"brz-text-lg-center brz-tp-lg-paragraph brz-css-nLVsu\" data-uniq-id=\"lzriv\" data-generated-css=\"brz-css-kolgs\"><span class=\"brz-cp-color7\">C\u00e9gb\u00edr\u00f3s\u00e1g: Ulm, HRB 734630<\/span><\/p>\n<p class=\"brz-text-lg-center brz-tp-lg-paragraph brz-css-rW7EN\" data-uniq-id=\"wqcve\" data-generated-css=\"brz-css-joxjx\"><span class=\"brz-cp-color7\">\u00c1FA-AZONOS\u00cdT\u00d3: DE309984547<\/span><\/p>\n<p class=\"brz-text-lg-center brz-tp-lg-paragraph brz-css-bVONo\" data-uniq-id=\"crwvp\" data-generated-css=\"brz-css-qrtwj\"><span class=\"brz-cp-color7\"> <\/span><\/p>\n<p class=\"brz-text-lg-center brz-tp-lg-paragraph brz-css-vCqUf\" data-uniq-id=\"iippd\" data-generated-css=\"brz-css-zguhh\"><span class=\"brz-cp-color7\">APAG Personalplanung GmbH<\/span><\/p>\n<p class=\"brz-text-lg-center brz-tp-lg-paragraph brz-css-oUPj8\" data-uniq-id=\"jevuv\" data-generated-css=\"brz-css-gxdqh\"><span class=\"brz-cp-color7\">A munkaer\u0151-k\u00f6lcs\u00f6nz\u00e9s csak enged\u00e9llyel enged\u00e9lyezett. A munkaer\u0151-k\u00f6lcs\u00f6nz\u00e9sre vonatkoz\u00f3 enged\u00e9lyek kiad\u00e1s\u00e1\u00e9rt a Sz\u00f6vets\u00e9gi Munka\u00fcgyi Hivatal (Regensburger Stra\u00dfe 104, 90478 N\u00fcrnberg) felel\u0151s.<\/span><\/p>\n<p class=\"brz-text-lg-center brz-tp-lg-paragraph brz-css-hZFEC\" data-uniq-id=\"vsbwm\" data-generated-css=\"brz-css-hjxgl\"><span class=\"brz-cp-color7\">A Sz\u00f6vets\u00e9gi Foglalkoztat\u00e1si Hivatal eln\u00f6ke rendeletileg k\u00fcl\u00f6nb\u00f6z\u0151 region\u00e1lis igazgat\u00f3s\u00e1gokra ruh\u00e1zta \u00e1t a munkaer\u0151-k\u00f6lcs\u00f6nz\u00e9sr\u0151l sz\u00f3l\u00f3 t\u00f6rv\u00e9ny v\u00e9grehajt\u00e1s\u00e1t.<\/span><\/p>\n<p class=\"brz-text-lg-center brz-tp-lg-paragraph brz-css-zXwBC\" data-uniq-id=\"kijpy\" data-generated-css=\"brz-css-bhoqv\"><span class=\"brz-cp-color7\">Az APAG Personalplanung Group \u00e9rintett GmbH-ja sz\u00e1m\u00e1ra a Bajor Region\u00e1lis Igazgat\u00f3s\u00e1g (Regensburger Stra\u00dfe 100, 90478 N\u00fcrnberg) adta meg az enged\u00e9lyt a munkaer\u0151-k\u00f6lcs\u00f6nz\u00e9sre. A Sz\u00f6vets\u00e9gi Munka\u00fcgyi Hivatal fel\u00fcgyeleti hat\u00f3s\u00e1ga a Sz\u00f6vets\u00e9gi Gazdas\u00e1gi \u00e9s Munka\u00fcgyi Miniszt\u00e9rium, Wilhelmstra\u00dfe 49, 10117 Berlin.<\/span><\/p>\n<p class=\"brz-text-lg-center brz-tp-lg-paragraph brz-css-ipC8s\" data-uniq-id=\"ijass\" data-generated-css=\"brz-css-opwhj\"><span class=\"brz-cp-color7\"> <\/span><\/p>\n<p class=\"brz-text-lg-center brz-tp-lg-paragraph brz-css-xVHac\" data-uniq-id=\"uvpmg\" data-generated-css=\"brz-css-dylqb\"><span class=\"brz-cp-color7\">Jogi nyilatkozat: A tartalom gondos ellen\u0151rz\u00e9se ellen\u00e9re nem v\u00e1llalunk felel\u0151ss\u00e9get a k\u00fcls\u0151 linkek tartalm\u00e1\u00e9rt. A hivatkozott oldalak tartalm\u00e1\u00e9rt kiz\u00e1r\u00f3lag a hivatkozott oldalak \u00fczemeltet\u0151i felel\u0151sek.<\/span><\/p>\n<p class=\"brz-text-lg-center brz-tp-lg-paragraph brz-css-nDM0w\" data-uniq-id=\"koliq\" data-generated-css=\"brz-css-qxvzq\"><span class=\"brz-cp-color7\"> <\/span><\/p>\n<p class=\"brz-text-lg-center brz-tp-lg-paragraph brz-css-jAGrx\" data-uniq-id=\"syrqw\" data-generated-css=\"brz-css-ixlyv\"><span class=\"brz-cp-color7\">Online vitarendez\u00e9s az ODR-VO 14. cikk\u00e9nek (1) bekezd\u00e9se \u00e9s a VSBG 36. \u00a7-a alapj\u00e1n<\/span><\/p>\n<p class=\"brz-text-lg-center brz-tp-lg-paragraph brz-css-jgmIz\" data-uniq-id=\"kyzqm\" data-generated-css=\"brz-css-ijkph\"><span class=\"brz-cp-color7\">Az Eur\u00f3pai Bizotts\u00e1g online vitarendez\u00e9si platformot (OS) biztos\u00edt, amely a k\u00f6vetkez\u0151 c\u00edmen \u00e9rhet\u0151 el&nbsp;<\/span><span class=\"brz-cp-color7\" style=\"color: #6b87c4\">http:\/\/ec.europa.eu\/consumers\/odr\/<\/span><span class=\"brz-cp-color7\">&nbsp;tal\u00e1lni. Nem vagyunk k\u00f6telesek r\u00e9szt venni a fogyaszt\u00f3i d\u00f6nt\u0151bizotts\u00e1g el\u0151tti vitarendez\u00e9si elj\u00e1r\u00e1sban, \u00e9s \u00e1ltal\u00e1ban nem is vagyunk erre hajland\u00f3ak.&nbsp;<\/span><\/p>\n<p class=\"brz-text-lg-center brz-tp-lg-paragraph brz-css-yeZyX\" data-uniq-id=\"nocun\" data-generated-css=\"brz-css-eoizp\"><span class=\"brz-cp-color7\"> <\/span><\/p>\n<p class=\"brz-text-lg-center brz-tp-lg-paragraph brz-css-qLZqq\" data-uniq-id=\"wxapc\" data-generated-css=\"brz-css-yselq\"><span class=\"brz-cp-color7\">Nyomtatv\u00e1ny a Whistleblower Act-r\u0151l<\/span><\/p>\n<p class=\"brz-text-lg-center brz-tp-lg-paragraph brz-css-jyM5C\" data-uniq-id=\"zoilc\" data-generated-css=\"brz-css-agohi\"><a class=\"link--external\" href=\"https:\/\/apagpersonalplanunggmbh.integrityline.app\/%20\" data-brz-link-type=\"external\" target=\"_blank\" rel=\"noopener\">https:\/\/apagpersonalplanunggmbh.integrityline.app\/ <\/a><\/p>\n<\/div>\n<\/div>\n<\/div>\n<\/div>\n<\/div>\n<\/div>\n<\/div>\n<div id class=\"brz-css-hQC3b brz-css-h_CMu brz-css-nzFm5 brz-wrapper\">\n<div class=\"brz-spacer brz-css-sLoLn\"><\/div>\n<\/div>\n<\/div>\n<\/div>\n<\/section>\n<section id=\"cgqzpyuvjvbgyjeeakxvplncmdztduxrspqd\" class=\"brz-section brz-css-xmill\">\n<div class=\"brz-section__content brz-section--fullWidth brz-css-rhI6n brz-css-unErq\" data-brz-custom-id=\"jinjzgkiumjawcsokmpzjqzobtjmetrnajgf\">\n<div class=\"brz-container brz-css-dZGjA brz-css-vs2Mw\">\n<div class=\"brz-row__container brz-css-csVbo\" data-brz-custom-id=\"zqkpdovormwleymrchxmcszdhfmzzotaixpj\">\n<div class=\"brz-bg\"><\/div>\n<div class=\"brz-row brz-css-wgcId brz-css-gWF5W\">\n<div class=\"brz-columns brz-css-wlyTs brz-css-gAM9Y\" data-brz-custom-id=\"eayqefblecglxyfpwygfjjfayynmnbqighua\">\n<div class=\"brz-bg\">\n<div class=\"brz-bg-color\"><\/div>\n<\/div>\n<div class=\"brz-column__items brz-css-fnVCk brz-css-f1U08\">\n<div id class=\"brz-css-hQC3b brz-wrapper\">\n<div class=\"brz-rich-text brz-rich-text__custom brz-css-fCC9e\" data-brz-custom-id=\"aalytiduohwfdhhtrfacxcxisuuwdzwcrldz\">\n<div data-brz-translate-text=\"1\">\n<p class=\"brz-tp-lg-heading4 brz-tp-xs-paragraph brz-tp-sm-paragraph brz-text-lg-center brz-css-nih1M\" data-uniq-id=\"zfxhm\" data-generated-css=\"brz-css-jfnoy\"><span class=\"brz-cp-color8\">T\u00d6BB MINT 40 \u00c9VES TAPASZTALATTAL<\/span><\/p>\n<\/div>\n<\/div>\n<\/div>\n<\/div>\n<\/div>\n<div class=\"brz-columns brz-css-wlyTs brz-css-sGmr2\" data-brz-custom-id=\"bafepekaguivgzvhxrixmsllglcquzihydos\">\n<div class=\"brz-bg\">\n<div class=\"brz-bg-color\"><\/div>\n<\/div>\n<div class=\"brz-column__items brz-css-fnVCk brz-css-q9GN6\">\n<div id class=\"brz-css-hQC3b brz-wrapper\">\n<div class=\"brz-rich-text brz-rich-text__custom brz-css-fCC9e\" data-brz-custom-id=\"vowaejljwhipasaudeegiufzlrvaediezopr\">\n<div data-brz-translate-text=\"1\">\n<p class=\"brz-tp-lg-heading4 brz-tp-xs-paragraph brz-tp-sm-paragraph brz-text-lg-center brz-css-uWXKp\" data-uniq-id=\"zaahd\" data-generated-css=\"brz-css-gcito\"><em class=\"brz-cp-color8\">\"AZ \u00d6N SIKER\u00c9\u00c9RT DOLGOZUNK\"<\/em><\/p>\n<\/div>\n<\/div>\n<\/div>\n<\/div>\n<\/div>\n<\/div>\n<\/div>\n<\/div>\n<\/div>\n<\/section>\n<section id=\"bteuzlgtblgaiofwcamkrdphjhxkqfocfmft\" class=\"brz-section brz-css-xmill\">\n<div class=\"brz-section__content brz-section--boxed brz-css-rhI6n brz-css-z5qeY\" data-brz-custom-id=\"ayvdbwsvilfiivdculkblnfcmecsalxrkoos\">\n<div class=\"brz-bg\">\n<div class=\"brz-bg-color\"><\/div>\n<\/div>\n<div class=\"brz-container brz-css-dZGjA\">\n<div class=\"brz-row__container brz-css-csVbo\" data-brz-custom-id=\"jrlegcerepqeeiseslhvtcymoqkmvizkioby\">\n<div class=\"brz-bg\"><\/div>\n<div class=\"brz-row brz-css-wgcId brz-css-gWF5W\">\n<div class=\"brz-columns brz-css-wlyTs brz-css-npoRW\" data-brz-custom-id=\"kcpkhtjaengdtbpqvveryyssqmaaubjkpsws\">\n<div class=\"brz-bg\"><\/div>\n<div class=\"brz-column__items brz-css-fnVCk brz-css-y0GnW\">\n<div id class=\"brz-css-hQC3b brz-css-azpYL brz-wrapper\">\n<div class=\"brz-image brz-css-vG5yy\" data-brz-custom-id=\"docgqlctoqtqrkyqgpcyleysqrbruwmzmslw\"><img decoding=\"async\" class=\"brz-img\" src=\"https:\/\/apag-personal.de\/wp-content\/uploads\/brizy\/imgs\/Logo-weiss-275x96x0x5x275x85x1655822499.png\" alt=\"\" loading=\"lazy\"><\/div>\n<\/div>\n<div class=\"brz-row__container brz-css-csVbo\" data-brz-custom-id=\"b07BLXYPB4Gt\">\n<div class=\"brz-bg\"><\/div>\n<div class=\"brz-row brz-row--inner brz-css-wgcId brz-css-gWF5W\">\n<div class=\"brz-columns brz-css-wlyTs brz-css-mpH0e\" data-brz-custom-id=\"e2cycjrbjZYd\">\n<div class=\"brz-bg\"><\/div>\n<div class=\"brz-column__items brz-css-fnVCk\">\n<div id class=\"brz-css-hQC3b brz-css-fHrmg brz-wrapper\">\n<div class=\"brz-image brz-css-ksYjn\" data-brz-custom-id=\"phmbepmkepgxjnxzobwhilfpgeqnwcrfngmt\"><img decoding=\"async\" class=\"brz-img\" src=\"https:\/\/apag-personal.de\/wp-content\/uploads\/brizy\/imgs\/kununu_TopCompanyBadge_2023-68x90x0x0x68x90x1677136333.png\" alt=\"\" loading=\"lazy\"><\/div>\n<\/div>\n<\/div>\n<\/div>\n<div class=\"brz-columns brz-css-wlyTs brz-css-fjPFT\" data-brz-custom-id=\"enE1bZt4Zd4E\">\n<div class=\"brz-bg\"><\/div>\n<div class=\"brz-column__items brz-css-fnVCk\">\n<div id class=\"brz-css-hQC3b brz-css-ex_zI brz-wrapper\">\n<div class=\"brz-image brz-css-uqpC2\" data-brz-custom-id=\"c21rtsfocBDX\"><img decoding=\"async\" class=\"brz-img\" src=\"https:\/\/apag-personal.de\/wp-content\/uploads\/brizy\/imgs\/GVP-Logo_Mitglied_RGB_blau-61x91x0x0x61x91x1705498554.png\" alt=\"\" loading=\"lazy\"><\/div>\n<\/div>\n<\/div>\n<\/div>\n<div class=\"brz-columns brz-css-wlyTs brz-css-smg4q\" data-brz-custom-id=\"j60uPisUZnFa\">\n<div class=\"brz-bg\"><\/div>\n<div class=\"brz-column__items brz-css-fnVCk\">\n<div id class=\"brz-css-hQC3b brz-css-agTWf brz-wrapper\">\n<div class=\"brz-image brz-css-yKJc0\" data-brz-custom-id=\"rcfFa2eNoOlp\"><img decoding=\"async\" class=\"brz-img\" src=\"https:\/\/apag-personal.de\/wp-content\/uploads\/brizy\/imgs\/kununu-top-company-2024-68x90x0x0x68x90x1736339135.jpg\" alt=\"\" loading=\"lazy\"><\/div>\n<\/div>\n<\/div>\n<\/div>\n<\/div>\n<\/div>\n<div id class=\"brz-css-hQC3b brz-css-h_CMu brz-wrapper\">\n<div class=\"brz-spacer brz-css-sLoLn brz-css-yJtVX\"><\/div>\n<\/div>\n<\/div>\n<\/div>\n<div class=\"brz-columns brz-css-wlyTs brz-css-bXSnz\" data-brz-custom-id=\"kilkssfzallhxvhwlmnhzwjdchfluzvvascb\">\n<div class=\"brz-bg\"><\/div>\n<div class=\"brz-column__items brz-css-fnVCk\">\n<div id class=\"brz-css-hQC3b brz-wrapper\">\n<div class=\"brz-rich-text brz-rich-text__custom brz-css-fCC9e\" data-brz-custom-id=\"ouyxtyrxllknqncfntricrtqssjwkbqrreyp\">\n<div data-brz-translate-text=\"1\">\n<p class=\"brz-tp-xs-paragraph brz-tp-sm-paragraph brz-tp-lg-heading6 brz-css-kN319\" data-uniq-id=\"xhutt\" data-generated-css=\"brz-css-vpbwe\"><span class=\"brz-cp-color8\">APAG Personalplanung GmbH<\/span><\/p>\n<\/div>\n<\/div>\n<\/div>\n<div id class=\"brz-css-hQC3b brz-css-h_CMu brz-wrapper\">\n<div class=\"brz-spacer brz-css-sLoLn brz-css-z6PqI\"><\/div>\n<\/div>\n<div id class=\"brz-css-hQC3b brz-wrapper\">\n<div class=\"brz-rich-text brz-rich-text__custom brz-css-fCC9e\" data-brz-custom-id=\"bgabrbrxwwbmyqaolrrqetxhspbqphoqvfrr\">\n<div data-brz-translate-text=\"1\">\n<p class=\"brz-tp-sm-paragraph brz-tp-xs-paragraph brz-tp-lg-subtitle brz-css-uiuKX\" data-uniq-id=\"aqcst\" data-generated-css=\"brz-css-eixur\"><span class=\"brz-cp-color8\">Worthingtonstra\u00dfe 8<\/span><\/p>\n<p class=\"brz-tp-sm-paragraph brz-tp-xs-paragraph brz-tp-lg-subtitle brz-css-pVfDK\" data-uniq-id=\"dvazy\" data-generated-css=\"brz-css-fabxk\"><span class=\"brz-cp-color8\">D-74564 Crailsheim<\/span><\/p>\n<\/div>\n<\/div>\n<\/div>\n<div id class=\"brz-css-hQC3b brz-wrapper\">\n<div class=\"brz-rich-text brz-rich-text__custom brz-css-fCC9e\" data-brz-custom-id=\"zgxxpzoekunetfpifymgaymsgwikzeiheqnd\">\n<div data-brz-translate-text=\"1\">\n<p class=\"brz-tp-lg-subtitle brz-tp-xs-paragraph brz-tp-sm-paragraph brz-css-x81jl\" data-uniq-id=\"okipp\" data-generated-css=\"brz-css-cyenm\"><a class=\"link--external brz-cp-color8\" href=\"tel: 497951277780\" data-brz-link-type=\"external\" target=\"_blank\" rel=\"noopener\"><u>T: +49 (0)7951 277 78-0<\/u><\/a><\/p>\n<p class=\"brz-tp-lg-subtitle brz-tp-xs-paragraph brz-tp-sm-paragraph brz-css-p7FiU\" data-uniq-id=\"xxcyx\" data-generated-css=\"brz-css-qshlk\"><span class=\"brz-cp-color8\">F: +49 (0)7951 277 78-10 <\/span><\/p>\n<p class=\"brz-tp-lg-subtitle brz-tp-xs-paragraph brz-tp-sm-paragraph brz-css-imsC7\" data-uniq-id=\"kpxib\" data-generated-css=\"brz-css-ijkzi\"><u class=\"brz-cp-color8\">E: <\/u><a class=\"link--external brz-cp-color8\" href=\"mailto:info@apag-personalplanung.de\" data-brz-link-type=\"external\" target=\"_blank\" rel=\"noopener\"><u>info@apag-personalplanung.de<\/u><\/a><\/p>\n<\/div>\n<\/div>\n<\/div>\n<\/div>\n<\/div>\n<div class=\"brz-columns brz-css-wlyTs brz-css-tbiZL\" data-brz-custom-id=\"ksslbjplwftpfszsdopunhunnoexyshcgnqr\">\n<div class=\"brz-bg\"><\/div>\n<div class=\"brz-column__items brz-css-fnVCk\">\n<div id class=\"brz-css-hQC3b brz-wrapper\">\n<div class=\"brz-rich-text brz-rich-text__custom brz-css-fCC9e\" data-brz-custom-id=\"anzvjyywwveyopdexpgfmhhmruttslrvenhe\">\n<div data-brz-translate-text=\"1\">\n<p class=\"brz-tp-lg-heading6 brz-tp-sm-paragraph brz-tp-xs-paragraph brz-css-uUadE\" data-uniq-id=\"bazbk\" data-generated-css=\"brz-css-brkqm\"><span class=\"brz-cp-color8\">SZOCI\u00c1LIS M\u00c9DIA<\/span><\/p>\n<\/div>\n<\/div>\n<\/div>\n<div id class=\"brz-css-hQC3b brz-css-h_CMu brz-wrapper\">\n<div class=\"brz-spacer brz-css-sLoLn brz-css-rsZ70\"><\/div>\n<\/div>\n<div id class=\"brz-css-hQC3b brz-css-yQbK7 brz-wrapper\">\n<div class=\"brz-icon-text brz-css-xgtKY brz-css-vdmSj\" data-brz-custom-id=\"azemajzaeopxhtedgincukmugzunqptozpft\">\n<div class=\"brz-icon__container\" data-brz-custom-id=\"apmgkrzmeafhxvkfdbcexsybogguqiogjjma\"><a class=\"brz-a\" href=\"https:\/\/www.facebook.com\/APAG-Personalplanung-GmbH-260837594360265\" target=\"_blank\" rel=\"noopener\" data-brz-link-type=\"external\"><span class=\"brz-icon brz-span brz-css-seGUJ brz-css-l37qm\"><\/span><\/a><\/div>\n<div class=\"brz-text-btn\">\n<div class=\"brz-rich-text brz-rich-text__custom brz-css-fCC9e\" data-brz-custom-id=\"kdjubtrfcszmyjvwyprplsmfulitpjpzfxrb\">\n<div data-brz-translate-text=\"1\">\n<p data-uniq-id=\"utKsg\" data-generated-css=\"brz-css-cbgBY\" class=\"brz-tp-lg-subtitle brz-tp-sm-paragraph brz-tp-xs-paragraph brz-css-xLvet\"><a class=\"brz-cp-color8 link--external\" href=\"https:\/\/www.facebook.com\/profile.php?id=61561267229216\" data-brz-link-type=\"external\" target=\"_blank\" rel=\"noopener\"><u>Facebook APAG<\/u><\/a><\/p>\n<\/div>\n<\/div>\n<\/div>\n<\/div>\n<\/div>\n<div id class=\"brz-css-hQC3b brz-css-jhJ8H brz-wrapper\">\n<div class=\"brz-icon-text brz-css-xgtKY brz-css-pnMeX\" data-brz-custom-id=\"aeThExRrEavg\">\n<div class=\"brz-icon__container\" data-brz-custom-id=\"ax9SwHZPXMui\"><a class=\"brz-a\" href=\"https:\/\/www.facebook.com\/APAG-Personalplanung-GmbH-260837594360265\" target=\"_blank\" rel=\"noopener\" data-brz-link-type=\"external\"><span class=\"brz-icon brz-span brz-css-seGUJ brz-css-j2ZCI\"><\/span><\/a><\/div>\n<div class=\"brz-text-btn\">\n<div class=\"brz-rich-text brz-rich-text__custom brz-css-fCC9e\" data-brz-custom-id=\"sx5nOt0sgVPh\">\n<div data-brz-translate-text=\"1\">\n<p class=\"brz-tp-xs-paragraph brz-tp-sm-paragraph brz-tp-lg-subtitle brz-css-l_26Q\" data-generated-css=\"brz-css-nEjk_\" data-uniq-id=\"z1Ltm\"><a class=\"brz-cp-color8 link--external\" href=\"https:\/\/www.instagram.com\/apag.personal\/\" data-brz-link-type=\"external\" target=\"_blank\" rel=\"noopener\"><u>Instagram APAG<\/u><\/a><\/p>\n<\/div>\n<\/div>\n<\/div>\n<\/div>\n<\/div>\n<div id class=\"brz-css-hQC3b brz-css-h_CMu brz-wrapper\">\n<div class=\"brz-spacer brz-css-sLoLn brz-css-qv0BC\"><\/div>\n<\/div>\n<div id class=\"brz-css-hQC3b brz-wrapper\">\n<div class=\"brz-rich-text brz-rich-text__custom brz-css-fCC9e\" data-brz-custom-id=\"ftfsboimiybwtzgsjlbyzcbfgyrnljkbmsvr\">\n<div data-brz-translate-text=\"1\">\n<p class=\"brz-tp-xs-paragraph brz-tp-sm-paragraph brz-tp-lg-heading6 brz-css-zHpIp\" data-generated-css=\"brz-css-gpohl\" data-uniq-id=\"unzyy\"><span class=\"brz-cp-color8\">Jogi<\/span><\/p>\n<\/div>\n<\/div>\n<\/div>\n<div id class=\"brz-css-hQC3b brz-wrapper\">\n<div class=\"brz-rich-text brz-rich-text__custom brz-css-fCC9e\" data-brz-custom-id=\"glhizdctuaryqqqkofmxwxfyrfubqnfqvuwr\">\n<div data-brz-translate-text=\"1\">\n<p class=\"brz-tp-lg-paragraph brz-css-rlPk_\" data-uniq-id=\"rinwi\" data-generated-css=\"brz-css-tmcgd\"><a class=\"link--external\" href=\"https:\/\/apag-personal.de\/hu\/impresszum\/\" data-brz-link-type=\"external\"><u>Impresszum<\/u><\/a><\/p>\n<p class=\"brz-tp-lg-paragraph brz-css-ceWD9\" data-uniq-id=\"uaepl\" data-generated-css=\"brz-css-ybeyb\"><a class=\"link--external\" href=\"https:\/\/apag-personal.de\/hu\/adatvedelem\/\" data-brz-link-type=\"external\"><u>Adatv\u00e9delmi szab\u00e1lyzat<\/u><\/a><\/p>\n<p class=\"brz-tp-lg-paragraph brz-css-uwgsY\" data-uniq-id=\"uaepl\" data-generated-css=\"brz-css-ybeyb\"><a class=\"link--external\" href=\"https:\/\/apagpersonalplanunggmbh.integrityline.app\/\" data-brz-link-type=\"external\" target=\"_blank\" rel=\"noopener\"><u>Bejelent\u0151 rendszer<\/u><\/a><\/p>\n<\/div>\n<\/div>\n<\/div>\n<\/div>\n<\/div>\n<\/div>\n<\/div>\n<div id class=\"brz-css-hQC3b brz-css-cpS5B brz-wrapper\">\n<div class=\"brz-line brz-line-default brz-css-fHScK brz-css-v5gHo\" data-brz-custom-id=\"cvxblixfmisrxywlcouwasqdytmgzndixiwi\">\n<hr class=\"brz-hr\"><\/div>\n<\/div>\n<div class=\"brz-wrapper-clone brz-css-nYViu brz-css-sDdXX\">\n<div class=\"brz-d-xs-flex brz-flex-xs-wrap brz-css-ozEa7 brz-css-i0dox\" data-brz-custom-id>\n<div class=\"brz-wrapper-clone__item\" id=\"myptchuowxzaggsdrmrmfeuvmxzcjpsckftw\"><a class=\"brz-a brz-btn brz-css-yHd_W brz-css-oeAoh\" href=\"https:\/\/wa.me\/+4915147943280%20\" target=\"_blank\" rel=\"noopener nofollow\" data-brz-link-type=\"external\" data-brz-custom-id=\"myptchuowxzaggsdrmrmfeuvmxzcjpsckftw\"><span data-brz-translate-text=\"1\" class=\"brz-span brz-text__editor\"><\/span><\/a><\/div>\n<\/div>\n<\/div>\n<\/div>\n<\/div>\n<\/section>\n<\/div>\n<p><!-- version:1776417491 --><\/p>","protected":false},"excerpt":{"rendered":"<p>IMPRINT APAG PERSONALPLANUNG GmbH Worthingtonstr. 8 74564 Crailsheim T: +49 (0) 7951 277 78-0 E: info@apag-personalplanung,de A k\u00e9pviseletre jogosultak Jakob Dynia | \u00dcgyvezet\u0151 igazgat\u00f3 A tartalom\u00e9rt az MDStV 6. \u00a7-a szerint felel\u0151s \u00e9s ... <a title=\"JOGI\" class=\"read-more\" href=\"https:\/\/apag-personal.de\/hu\/impresszum\/\" aria-label=\"Tov\u00e1bbiak LEGAL\">Olvass tov\u00e1bb<\/a><\/p>","protected":false},"author":1,"featured_media":0,"parent":0,"menu_order":0,"comment_status":"closed","ping_status":"open","template":"brizy-blank-template.php","meta":{"footnotes":""},"_links":{"self":[{"href":"https:\/\/apag-personal.de\/hu\/wp-json\/wp\/v2\/pages\/753"}],"collection":[{"href":"https:\/\/apag-personal.de\/hu\/wp-json\/wp\/v2\/pages"}],"about":[{"href":"https:\/\/apag-personal.de\/hu\/wp-json\/wp\/v2\/types\/page"}],"author":[{"embeddable":true,"href":"https:\/\/apag-personal.de\/hu\/wp-json\/wp\/v2\/users\/1"}],"replies":[{"embeddable":true,"href":"https:\/\/apag-personal.de\/hu\/wp-json\/wp\/v2\/comments?post=753"}],"version-history":[{"count":14,"href":"https:\/\/apag-personal.de\/hu\/wp-json\/wp\/v2\/pages\/753\/revisions"}],"predecessor-version":[{"id":2417,"href":"https:\/\/apag-personal.de\/hu\/wp-json\/wp\/v2\/pages\/753\/revisions\/2417"}],"wp:attachment":[{"href":"https:\/\/apag-personal.de\/hu\/wp-json\/wp\/v2\/media?parent=753"}],"curies":[{"name":"wp","href":"https:\/\/api.w.org\/{rel}","templated":true}]}}