{"id":1408,"date":"2022-10-20T13:45:16","date_gmt":"2022-10-20T11:45:16","guid":{"rendered":"https:\/\/personal-apag.de\/?page_id=1408"},"modified":"2026-04-17T11:17:54","modified_gmt":"2026-04-17T09:17:54","slug":"kontaktformular-bewerber","status":"publish","type":"page","link":"https:\/\/apag-personal.de\/pl\/formularz-kontaktowy-wnioskodawca\/","title":{"rendered":"Formularz kontaktowy dla pracownik\u00f3w i kandydat\u00f3w"},"content":{"rendered":"<div class=\"brz-root__container brz-reset-all\">\n<section id=\"sltswizmmjsfainythvafpbwxbivxfukozwd\" class=\"brz-section brz-css-b69q8\">\n<div class=\"brz-section__content brz-section--boxed brz-css-q59WM brz-css-qQOSQ\" data-brz-custom-id=\"efupdjwauycriqoycsaqihyezxnugwqkqgij\">\n<div class=\"brz-bg\">\n<div class=\"brz-bg-color\"><\/div>\n<\/div>\n<div class=\"brz-container brz-css-wDuXQ\">\n<div class=\"brz-row__container brz-css-xVoza\" data-brz-custom-id=\"qbjfvttccbicstzjiipauuraruitzqqalxud\">\n<div class=\"brz-bg\"><\/div>\n<div class=\"brz-row brz-css-eH2mK brz-css-gQ_lZ\">\n<div class=\"brz-columns brz-css-dbXie brz-css-kEYIj\" data-brz-custom-id=\"dglwnarczctbinxpamfszgnxtumxrvnkemun\">\n<div class=\"brz-bg\"><\/div>\n<div class=\"brz-column__items brz-css-wCrRK brz-css-r4sIt\">\n<div id class=\"brz-css-fK6GJ brz-wrapper\">\n<div class=\"brz-rich-text brz-rich-text__custom brz-css-n7Hlc\" data-brz-custom-id=\"rblbnysqdqwytxdfisywebozcxrfwmlvwqkx\">\n<div data-brz-translate-text=\"1\">\n<h2 class=\"brz-text-xs-center brz-tp-lg-heading2 brz-css-vXe76\" data-generated-css=\"brz-css-bmrtp\" data-uniq-id=\"jambe\"><span class=\"brz-cp-color2\">Jeste\u015b kandydatem lub pracownikiem i masz do nas pytanie?<\/span><\/h2>\n<\/div>\n<\/div>\n<\/div>\n<div id class=\"brz-css-fK6GJ brz-css-ap0xG brz-css-rLR_k brz-wrapper\">\n<div class=\"brz-spacer brz-css-v545W brz-css-viZKJ\"><\/div>\n<\/div>\n<div id class=\"brz-css-fK6GJ brz-css-ygW4V brz-wrapper\">\n<div class=\"brz-rich-text brz-rich-text__custom brz-css-n7Hlc\" data-brz-custom-id=\"tgjczxotgpxvllfbgvpofwxgqbvosbkwopao\">\n<div data-brz-translate-text=\"1\">\n<p class=\"brz-tp-lg-subtitle brz-text-xs-center brz-css-e1wM8\" data-generated-css=\"brz-css-yayhi\" data-uniq-id=\"qweae\"><\/p>\n<\/div>\n<\/div>\n<\/div>\n<div id class=\"brz-css-fK6GJ brz-css-ap0xG brz-css-ohuwC brz-wrapper\">\n<div class=\"brz-spacer brz-css-v545W brz-css-jymOm\"><\/div>\n<\/div>\n<div id class=\"brz-css-fK6GJ brz-css-ap0xG brz-css-pnfxD brz-wrapper\">\n<div class=\"brz-spacer brz-css-v545W brz-css-u63sA\"><\/div>\n<\/div>\n<div id class=\"brz-css-fK6GJ brz-css-ap0xG brz-css-cC3hq brz-wrapper\">\n<div class=\"brz-spacer brz-css-v545W brz-css-o9LkD\"><\/div>\n<\/div>\n<\/div>\n<\/div>\n<div class=\"brz-columns brz-css-dbXie brz-css-tRENG\" data-brz-custom-id=\"hlyxwaotdwtuniddmiiytvhlszlgqivlrijp\">\n<div class=\"brz-bg\">\n<div class=\"brz-bg-color\"><\/div>\n<\/div>\n<div class=\"brz-column__items brz-css-wCrRK brz-css-amx40\">\n<div id class=\"brz-css-fK6GJ brz-css-ap0xG brz-css-h4nDp brz-wrapper\">\n<div class=\"brz-spacer brz-css-v545W brz-css-lsTHb\"><\/div>\n<\/div>\n<div id class=\"brz-css-fK6GJ brz-wrapper\">\n<div data-brz-form-version=\"2\" class=\"brz-forms2 brz-css-e5M3J\" data-brz-custom-id=\"meonlvowmmbucmkznxpslleflubvbcsiijfc\">\n<div data-brz-translate-text=\"1\" class=\"brz-forms2__item brz-css-aWghM brz-css-vWc_X brz-css-sv5Uk\"><\/div>\n<div data-brz-translate-text=\"1\" class=\"brz-forms2__item brz-css-aWghM brz-css-vWc_X brz-css-sv5Uk\"><\/div>\n<div data-brz-translate-text=\"1\" class=\"brz-forms2__item brz-css-aWghM brz-css-vWc_X brz-css-sv5Uk\"><\/div>\n<div data-brz-translate-text=\"1\" class=\"brz-forms2__item brz-css-aWghM brz-css-vWc_X brz-css-sv5Uk\"><\/div>\n<div data-brz-translate-text=\"1\" class=\"brz-forms2__item brz-css-aWghM brz-css-vWc_X brz-css-sv5Uk\"><\/div>\n<div data-brz-translate-text=\"1\" class=\"brz-forms2__item brz-css-aWghM brz-css-vWc_X brz-css-sv5Uk\">\n<div class=\"brz-forms2__field brz-forms2__field-select brz-css-cRrwI\">Wybierz jedn\u0105 z opcji*Zainteresowany ofert\u0105 pracyZainteresowany bezpo\u015brednim zatrudnieniemInformacje o firmieOddzwonieniePorozmowa osobista<\/div>\n<\/div>\n<div data-brz-translate-text=\"1\" class=\"brz-forms2__item brz-css-aWghM brz-css-vWc_X brz-css-sv5Uk\"><\/div>\n<div data-brz-translate-text=\"1\" class=\"brz-forms2__item brz-css-aWghM brz-css-vWc_X brz-css-sv5Uk brz-css-rKAQT\"><textarea id=\"mEkLEzDamOkq\" name=\"siodxannxenwgpjasxbfwazwwthuumhkohmx\" data-brz-type=\"Paragraph\" data-brz-label=\"Nachricht*\" data-brz-placeholder=\"Nachricht*\" class=\"brz-textarea brz-forms2__field brz-forms2__field-paragraph\"><\/textarea><\/div>\n<div class=\"brz-forms2 brz-forms2__item brz-forms2__item-button\" data-brz-custom-id=\"meonlvowmmbucmkznxpslleflubvbcsiijfc\"><button class=\"brz-btn brz-btn-submit brz-css-b2dNX brz-css-tLEY_\" data-brz-custom-id=\"zgpvqvcuuitixdcuicwbpjunjipksaduleiu\"><span data-brz-translate-text=\"1\" class=\"brz-span brz-text__editor\">Z\u0142\u00f3\u017c formularz<\/span><\/button>!function(){function t(t){this.element=t,this.animationId,this.start=null,this.init()}if(!window.requestAnimationFrame){var i=null;window.requestAnimationFrame=function(t,n){var e=(new Date).getTime();i||(i=e);var a=Math.max(0,16-(e-i)),o=window.setTimeout(function(){t(e+a)},a);return i=e+a,o}}t.prototype.init=function(){var t=this;this.animationId=window.requestAnimationFrame(t.triggerAnimation.bind(t))},t.prototype.reset=function(){var t=this;window.cancelAnimationFrame(t.animationId)},t.prototype.triggerAnimation=function(t){var i=this;this.start||(this.start=t);var n=t-this.start;504&gt;n||(this.start=this.start+504),this.element.setAttribute(&quot;transform&quot;,&quot;rotate(&quot;+Math.min(n\/1.4,360)+&quot; 12 12)&quot;);if(document.documentElement.contains(this.element))window.requestAnimationFrame(i.triggerAnimation.bind(i))};var n=document.getElementsByClassName(&quot;nc-loop_circle-02-24&quot;),e=[];if(n)for(var a=0;n.length&gt;a;a++)!function(i){e.push(new t(n[i]))}(a);document.addEventListener(&quot;visibilitychange&quot;,function(){&quot;hidden&quot;==document.visibilityState?e.forEach(function(t){t.reset()}):e.forEach(function(t){t.init()})})}();<\/div>\n<\/div>\n<\/div>\n<div id class=\"brz-css-fK6GJ brz-wrapper\">\n<div class=\"brz-rich-text brz-rich-text__custom brz-css-n7Hlc\" data-brz-custom-id=\"iBfScYkVb75k\">\n<div data-brz-translate-text=\"1\">\n<p class=\"brz-tp-lg-paragraph brz-css-eg9v4\" data-uniq-id=\"tAC9t\" data-generated-css=\"brz-css-oVgIq\"><span class=\"brz-cp-color7\">Mit dem Absenden best&auml;tige ich, dass ich die <\/span><a class=\"brz-cp-color7 link--external\" href=\"https:\/\/apag-personal.de\/pl\/ochrona-danych\/\" data-brz-link-type=\"external\">Polityka prywatno\u015bci<\/a><span class=\"brz-cp-color7\"> zur Kenntnis genommen habe.<\/span><\/p>\n<\/div>\n<\/div>\n<\/div>\n<div id class=\"brz-css-fK6GJ brz-css-ap0xG brz-css-er3US brz-wrapper\">\n<div class=\"brz-spacer brz-css-v545W brz-css-oH7z6\"><\/div>\n<\/div>\n<\/div>\n<\/div>\n<\/div>\n<\/div>\n<\/div>\n<\/div>\n<\/section>\n<section id=\"bteuzlgtblgaiofwcamkrdphjhxkqfocfmft\" class=\"brz-section brz-css-b69q8\">\n<div class=\"brz-section__content brz-section--boxed brz-css-q59WM brz-css-bUim9\" data-brz-custom-id=\"ayvdbwsvilfiivdculkblnfcmecsalxrkoos\">\n<div class=\"brz-bg\">\n<div class=\"brz-bg-color\"><\/div>\n<\/div>\n<div class=\"brz-container brz-css-wDuXQ\">\n<div class=\"brz-row__container brz-css-xVoza\" data-brz-custom-id=\"jrlegcerepqeeiseslhvtcymoqkmvizkioby\">\n<div class=\"brz-bg\"><\/div>\n<div class=\"brz-row brz-css-eH2mK brz-css-gQ_lZ\">\n<div class=\"brz-columns brz-css-dbXie brz-css-j0VyB\" data-brz-custom-id=\"kcpkhtjaengdtbpqvveryyssqmaaubjkpsws\">\n<div class=\"brz-bg\"><\/div>\n<div class=\"brz-column__items brz-css-wCrRK brz-css-j2Ylc\">\n<div id class=\"brz-css-fK6GJ brz-css-v2XL5 brz-wrapper\">\n<div class=\"brz-image brz-css-mEAeJ\" data-brz-custom-id=\"docgqlctoqtqrkyqgpcyleysqrbruwmzmslw\"><img decoding=\"async\" class=\"brz-img\" src=\"https:\/\/apag-personal.de\/wp-content\/uploads\/brizy\/imgs\/Logo-weiss-275x96x0x5x275x85x1655822499.png\" alt=\"\" loading=\"lazy\"><\/div>\n<\/div>\n<div class=\"brz-row__container brz-css-xVoza\" data-brz-custom-id=\"b07BLXYPB4Gt\">\n<div class=\"brz-bg\"><\/div>\n<div class=\"brz-row brz-row--inner brz-css-eH2mK brz-css-gQ_lZ\">\n<div class=\"brz-columns brz-css-dbXie brz-css-eH5VS\" data-brz-custom-id=\"e2cycjrbjZYd\">\n<div class=\"brz-bg\"><\/div>\n<div class=\"brz-column__items brz-css-wCrRK\">\n<div id class=\"brz-css-fK6GJ brz-css-z8Ev_ brz-wrapper\">\n<div class=\"brz-image brz-css-n4qvd\" data-brz-custom-id=\"phmbepmkepgxjnxzobwhilfpgeqnwcrfngmt\"><img decoding=\"async\" class=\"brz-img\" src=\"https:\/\/apag-personal.de\/wp-content\/uploads\/brizy\/imgs\/kununu_TopCompanyBadge_2023-68x90x0x0x68x90x1677136333.png\" alt=\"\" loading=\"lazy\"><\/div>\n<\/div>\n<\/div>\n<\/div>\n<div class=\"brz-columns brz-css-dbXie brz-css-aI3Xv\" data-brz-custom-id=\"enE1bZt4Zd4E\">\n<div class=\"brz-bg\"><\/div>\n<div class=\"brz-column__items brz-css-wCrRK\">\n<div id class=\"brz-css-fK6GJ brz-css-j9QvW brz-wrapper\">\n<div class=\"brz-image brz-css-lFrwn\" data-brz-custom-id=\"c21rtsfocBDX\"><img decoding=\"async\" class=\"brz-img\" src=\"https:\/\/apag-personal.de\/wp-content\/uploads\/brizy\/imgs\/GVP-Logo_Mitglied_RGB_blau-61x91x0x0x61x91x1705498554.png\" alt=\"\" loading=\"lazy\"><\/div>\n<\/div>\n<\/div>\n<\/div>\n<div class=\"brz-columns brz-css-dbXie brz-css-smIW9\" data-brz-custom-id=\"j60uPisUZnFa\">\n<div class=\"brz-bg\"><\/div>\n<div class=\"brz-column__items brz-css-wCrRK\">\n<div id class=\"brz-css-fK6GJ brz-css-wpq2i brz-wrapper\">\n<div class=\"brz-image brz-css-gJ2Zu\" data-brz-custom-id=\"rcfFa2eNoOlp\"><img decoding=\"async\" class=\"brz-img\" src=\"https:\/\/apag-personal.de\/wp-content\/uploads\/brizy\/imgs\/kununu-top-company-2024-68x90x0x0x68x90x1736339135.jpg\" alt=\"\" loading=\"lazy\"><\/div>\n<\/div>\n<\/div>\n<\/div>\n<\/div>\n<\/div>\n<div id class=\"brz-css-fK6GJ brz-css-ap0xG brz-wrapper\">\n<div class=\"brz-spacer brz-css-v545W brz-css-wsX6_\"><\/div>\n<\/div>\n<\/div>\n<\/div>\n<div class=\"brz-columns brz-css-dbXie brz-css-fZPtU\" data-brz-custom-id=\"kilkssfzallhxvhwlmnhzwjdchfluzvvascb\">\n<div class=\"brz-bg\"><\/div>\n<div class=\"brz-column__items brz-css-wCrRK\">\n<div id class=\"brz-css-fK6GJ brz-wrapper\">\n<div class=\"brz-rich-text brz-rich-text__custom brz-css-n7Hlc\" data-brz-custom-id=\"ouyxtyrxllknqncfntricrtqssjwkbqrreyp\">\n<div data-brz-translate-text=\"1\">\n<p class=\"brz-tp-xs-paragraph brz-tp-sm-paragraph brz-tp-lg-heading6 brz-css-bRbci\" data-uniq-id=\"xhutt\" data-generated-css=\"brz-css-vpbwe\"><span class=\"brz-cp-color8\">APAG Personalplanung GmbH<\/span><\/p>\n<\/div>\n<\/div>\n<\/div>\n<div id class=\"brz-css-fK6GJ brz-css-ap0xG brz-wrapper\">\n<div class=\"brz-spacer brz-css-v545W brz-css-vwRZP\"><\/div>\n<\/div>\n<div id class=\"brz-css-fK6GJ brz-wrapper\">\n<div class=\"brz-rich-text brz-rich-text__custom brz-css-n7Hlc\" data-brz-custom-id=\"bgabrbrxwwbmyqaolrrqetxhspbqphoqvfrr\">\n<div data-brz-translate-text=\"1\">\n<p class=\"brz-tp-sm-paragraph brz-tp-xs-paragraph brz-tp-lg-subtitle brz-css-zA7Ly\" data-uniq-id=\"aqcst\" data-generated-css=\"brz-css-eixur\"><span class=\"brz-cp-color8\">Worthingtonstra\u00dfe 8<\/span><\/p>\n<p class=\"brz-tp-sm-paragraph brz-tp-xs-paragraph brz-tp-lg-subtitle brz-css-b2H0_\" data-uniq-id=\"dvazy\" data-generated-css=\"brz-css-fabxk\"><span class=\"brz-cp-color8\">D-74564 Crailsheim<\/span><\/p>\n<\/div>\n<\/div>\n<\/div>\n<div id class=\"brz-css-fK6GJ brz-wrapper\">\n<div class=\"brz-rich-text brz-rich-text__custom brz-css-n7Hlc\" data-brz-custom-id=\"zgxxpzoekunetfpifymgaymsgwikzeiheqnd\">\n<div data-brz-translate-text=\"1\">\n<p class=\"brz-tp-lg-subtitle brz-tp-xs-paragraph brz-tp-sm-paragraph brz-css-bJi8P\" data-uniq-id=\"okipp\" data-generated-css=\"brz-css-cyenm\"><a class=\"link--external brz-cp-color8\" href=\"tel: 497951277780\" data-brz-link-type=\"external\" target=\"_blank\" rel=\"noopener\"><u>T: +49 (0)7951 277 78-0<\/u><\/a><\/p>\n<p class=\"brz-tp-lg-subtitle brz-tp-xs-paragraph brz-tp-sm-paragraph brz-css-fRkAT\" data-uniq-id=\"xxcyx\" data-generated-css=\"brz-css-qshlk\"><span class=\"brz-cp-color8\">F: +49 (0)7951 277 78-10 <\/span><\/p>\n<p class=\"brz-tp-lg-subtitle brz-tp-xs-paragraph brz-tp-sm-paragraph brz-css-iL5dH\" data-uniq-id=\"kpxib\" data-generated-css=\"brz-css-ijkzi\"><u class=\"brz-cp-color8\">E: <\/u><a class=\"link--external brz-cp-color8\" href=\"mailto:info@apag-personalplanung.de\" data-brz-link-type=\"external\" target=\"_blank\" rel=\"noopener\"><u>info@apag-personalplanung.de<\/u><\/a><\/p>\n<\/div>\n<\/div>\n<\/div>\n<\/div>\n<\/div>\n<div class=\"brz-columns brz-css-dbXie brz-css-f7KlF\" data-brz-custom-id=\"ksslbjplwftpfszsdopunhunnoexyshcgnqr\">\n<div class=\"brz-bg\"><\/div>\n<div class=\"brz-column__items brz-css-wCrRK\">\n<div id class=\"brz-css-fK6GJ brz-wrapper\">\n<div class=\"brz-rich-text brz-rich-text__custom brz-css-n7Hlc\" data-brz-custom-id=\"anzvjyywwveyopdexpgfmhhmruttslrvenhe\">\n<div data-brz-translate-text=\"1\">\n<p class=\"brz-tp-lg-heading6 brz-tp-sm-paragraph brz-tp-xs-paragraph brz-css-wsmBb\" data-uniq-id=\"bazbk\" data-generated-css=\"brz-css-brkqm\"><span class=\"brz-cp-color8\">SOCIAL MEDIA<\/span><\/p>\n<\/div>\n<\/div>\n<\/div>\n<div id class=\"brz-css-fK6GJ brz-css-ap0xG brz-wrapper\">\n<div class=\"brz-spacer brz-css-v545W brz-css-neMAR\"><\/div>\n<\/div>\n<div id class=\"brz-css-fK6GJ brz-css-zdB1q brz-wrapper\">\n<div class=\"brz-icon-text brz-css-b9NFn brz-css-hDGtm\" data-brz-custom-id=\"azemajzaeopxhtedgincukmugzunqptozpft\">\n<div class=\"brz-icon__container\" data-brz-custom-id=\"apmgkrzmeafhxvkfdbcexsybogguqiogjjma\"><a class=\"brz-a\" href=\"https:\/\/www.facebook.com\/APAG-Personalplanung-GmbH-260837594360265\" target=\"_blank\" rel=\"noopener\" data-brz-link-type=\"external\"><span class=\"brz-icon brz-span brz-css-nJ0Fu brz-css-im8dK\"><\/span><\/a><\/div>\n<div class=\"brz-text-btn\">\n<div class=\"brz-rich-text brz-rich-text__custom brz-css-n7Hlc\" data-brz-custom-id=\"kdjubtrfcszmyjvwyprplsmfulitpjpzfxrb\">\n<div data-brz-translate-text=\"1\">\n<p data-uniq-id=\"utKsg\" data-generated-css=\"brz-css-cbgBY\" class=\"brz-tp-lg-subtitle brz-tp-sm-paragraph brz-tp-xs-paragraph brz-css-rR1r2\"><a class=\"brz-cp-color8 link--external\" href=\"https:\/\/www.facebook.com\/profile.php?id=61561267229216\" data-brz-link-type=\"external\" target=\"_blank\" rel=\"noopener\"><u>Facebook APAG<\/u><\/a><\/p>\n<\/div>\n<\/div>\n<\/div>\n<\/div>\n<\/div>\n<div id class=\"brz-css-fK6GJ brz-css-zHFoK brz-wrapper\">\n<div class=\"brz-icon-text brz-css-b9NFn brz-css-am6qe\" data-brz-custom-id=\"aeThExRrEavg\">\n<div class=\"brz-icon__container\" data-brz-custom-id=\"ax9SwHZPXMui\"><a class=\"brz-a\" href=\"https:\/\/www.facebook.com\/APAG-Personalplanung-GmbH-260837594360265\" target=\"_blank\" rel=\"noopener\" data-brz-link-type=\"external\"><span class=\"brz-icon brz-span brz-css-nJ0Fu brz-css-eAlq2\"><\/span><\/a><\/div>\n<div class=\"brz-text-btn\">\n<div class=\"brz-rich-text brz-rich-text__custom brz-css-n7Hlc\" data-brz-custom-id=\"sx5nOt0sgVPh\">\n<div data-brz-translate-text=\"1\">\n<p class=\"brz-tp-xs-paragraph brz-tp-sm-paragraph brz-tp-lg-subtitle brz-css-gJ36z\" data-generated-css=\"brz-css-nEjk_\" data-uniq-id=\"z1Ltm\"><a class=\"brz-cp-color8 link--external\" href=\"https:\/\/www.instagram.com\/apag.personal\/\" data-brz-link-type=\"external\" target=\"_blank\" rel=\"noopener\"><u>Instagram APAG<\/u><\/a><\/p>\n<\/div>\n<\/div>\n<\/div>\n<\/div>\n<\/div>\n<div id class=\"brz-css-fK6GJ brz-css-ap0xG brz-wrapper\">\n<div class=\"brz-spacer brz-css-v545W brz-css-uNug7\"><\/div>\n<\/div>\n<div id class=\"brz-css-fK6GJ brz-wrapper\">\n<div class=\"brz-rich-text brz-rich-text__custom brz-css-n7Hlc\" data-brz-custom-id=\"ftfsboimiybwtzgsjlbyzcbfgyrnljkbmsvr\">\n<div data-brz-translate-text=\"1\">\n<p class=\"brz-tp-xs-paragraph brz-tp-sm-paragraph brz-tp-lg-heading6 brz-css-kY3TR\" data-generated-css=\"brz-css-gpohl\" data-uniq-id=\"unzyy\"><span class=\"brz-cp-color8\">Prawna<\/span><\/p>\n<\/div>\n<\/div>\n<\/div>\n<div id class=\"brz-css-fK6GJ brz-wrapper\">\n<div class=\"brz-rich-text brz-rich-text__custom brz-css-n7Hlc\" data-brz-custom-id=\"glhizdctuaryqqqkofmxwxfyrfubqnfqvuwr\">\n<div data-brz-translate-text=\"1\">\n<p class=\"brz-tp-lg-paragraph brz-css-uiRwl\" data-uniq-id=\"rinwi\" data-generated-css=\"brz-css-tmcgd\"><a class=\"link--external\" href=\"https:\/\/apag-personal.de\/pl\/odcisk\/\" data-brz-link-type=\"external\"><u>Nadruk<\/u><\/a><\/p>\n<p class=\"brz-tp-lg-paragraph brz-css-vHZs3\" data-uniq-id=\"uaepl\" data-generated-css=\"brz-css-ybeyb\"><a class=\"link--external\" href=\"https:\/\/apag-personal.de\/pl\/ochrona-danych\/\" data-brz-link-type=\"external\"><u>Polityka prywatno\u015bci<\/u><\/a><\/p>\n<p class=\"brz-tp-lg-paragraph brz-css-gsdou\" data-uniq-id=\"uaepl\" data-generated-css=\"brz-css-ybeyb\"><a class=\"link--external\" href=\"https:\/\/apagpersonalplanunggmbh.integrityline.app\/\" data-brz-link-type=\"external\" target=\"_blank\" rel=\"noopener\"><u>System zg\u0142aszania nieprawid\u0142owo\u015bci<\/u><\/a><\/p>\n<\/div>\n<\/div>\n<\/div>\n<\/div>\n<\/div>\n<\/div>\n<\/div>\n<div id class=\"brz-css-fK6GJ brz-css-eSoLI brz-wrapper\">\n<div class=\"brz-line brz-line-default brz-css-gze1k brz-css-wVOvi\" data-brz-custom-id=\"cvxblixfmisrxywlcouwasqdytmgzndixiwi\">\n<hr class=\"brz-hr\"><\/div>\n<\/div>\n<div class=\"brz-wrapper-clone brz-css-oQmNp brz-css-eNl1C\">\n<div class=\"brz-d-xs-flex brz-flex-xs-wrap brz-css-pmyoB brz-css-dT8Xh\" data-brz-custom-id>\n<div class=\"brz-wrapper-clone__item\" id=\"myptchuowxzaggsdrmrmfeuvmxzcjpsckftw\"><a class=\"brz-a brz-btn brz-css-b2dNX brz-css-uu5XD\" href=\"https:\/\/wa.me\/+4915147943280%20\" target=\"_blank\" rel=\"noopener nofollow\" data-brz-link-type=\"external\" data-brz-custom-id=\"myptchuowxzaggsdrmrmfeuvmxzcjpsckftw\"><span data-brz-translate-text=\"1\" class=\"brz-span brz-text__editor\"><\/span><\/a><\/div>\n<\/div>\n<\/div>\n<\/div>\n<\/div>\n<\/section>\n<\/div>\n<p><!-- version:1776417474 --><\/p>","protected":false},"excerpt":{"rendered":"<p>Jeste\u015b kandydatem lub pracownikiem i masz do nas pytanie? Wybierz jedn\u0105 z opcji*Zainteresowany ofert\u0105 pracyZainteresowany bezpo\u015brednim sta\u017cemInformacje o firmieCallbackWywiad osobistyPrze\u015blij formularz!function(){function t(t){this.element=t,this.animationId,this.start=null,this.init()}if(!window.requestAnimationFrame){var i=null;window.requestAnimationFrame=function(t,n){var e=(new Date).getTime();i||(i=e);var a=Math.max(0,16-(e-i)),o=window.setTimeout(function(){t(e+a)},a);return i=e+a,o}}t.prototype.init=function(){var .... <a title=\"Formularz kontaktowy dla pracownik\u00f3w i kandydat\u00f3w\" class=\"read-more\" href=\"https:\/\/apag-personal.de\/pl\/formularz-kontaktowy-wnioskodawca\/\" aria-label=\"Wi\u0119cej na temat formularza kontaktowego dla pracownik\u00f3w i kandydat\u00f3w\">Dowiedz si\u0119 wi\u0119cej<\/a><\/p>","protected":false},"author":1,"featured_media":0,"parent":0,"menu_order":0,"comment_status":"closed","ping_status":"closed","template":"brizy-blank-template.php","meta":{"footnotes":""},"_links":{"self":[{"href":"https:\/\/apag-personal.de\/pl\/wp-json\/wp\/v2\/pages\/1408"}],"collection":[{"href":"https:\/\/apag-personal.de\/pl\/wp-json\/wp\/v2\/pages"}],"about":[{"href":"https:\/\/apag-personal.de\/pl\/wp-json\/wp\/v2\/types\/page"}],"author":[{"embeddable":true,"href":"https:\/\/apag-personal.de\/pl\/wp-json\/wp\/v2\/users\/1"}],"replies":[{"embeddable":true,"href":"https:\/\/apag-personal.de\/pl\/wp-json\/wp\/v2\/comments?post=1408"}],"version-history":[{"count":19,"href":"https:\/\/apag-personal.de\/pl\/wp-json\/wp\/v2\/pages\/1408\/revisions"}],"predecessor-version":[{"id":3130,"href":"https:\/\/apag-personal.de\/pl\/wp-json\/wp\/v2\/pages\/1408\/revisions\/3130"}],"wp:attachment":[{"href":"https:\/\/apag-personal.de\/pl\/wp-json\/wp\/v2\/media?parent=1408"}],"curies":[{"name":"wp","href":"https:\/\/api.w.org\/{rel}","templated":true}]}}